{"id":3268,"date":"2025-09-02T22:39:49","date_gmt":"2025-09-02T22:39:49","guid":{"rendered":"https:\/\/snyrtistofanrunir.is\/?page_id=3268"},"modified":"2025-09-15T00:39:04","modified_gmt":"2025-09-15T00:39:04","slug":"medferd-vid-augabrunum","status":"publish","type":"page","link":"https:\/\/snyrtistofanrunir.is\/?page_id=3268","title":{"rendered":"me\u00f0fer\u00f0 vi\u00f0 augabr\u00fanum"},"content":{"rendered":"<style>.elementor-3268 .elementor-element.elementor-element-117f3ff{--display:flex;--min-height:612px;--flex-direction:column;--container-widget-width:100%;--container-widget-height:initial;--container-widget-flex-grow:0;--container-widget-align-self:initial;--flex-wrap-mobile:wrap;--gap:0px 0px;--row-gap:0px;--column-gap:0px;--overflow:hidden;--overlay-opacity:0.61;--margin-top:0px;--margin-bottom:0px;--margin-left:0px;--margin-right:0px;--padding-top:120px;--padding-bottom:120px;--padding-left:10px;--padding-right:10px;overflow:visible;}.elementor-3268 .elementor-element.elementor-element-117f3ff:not(.elementor-motion-effects-element-type-background), .elementor-3268 .elementor-element.elementor-element-117f3ff > .elementor-motion-effects-container > .elementor-motion-effects-layer{background-image:url(\"https:\/\/snyrtistofanrunir.is\/wp-content\/uploads\/2025\/09\/brow-lamination-1.jpg\");background-position:top center;background-repeat:no-repeat;background-size:cover;}.elementor-3268 .elementor-element.elementor-element-117f3ff::before, .elementor-3268 .elementor-element.elementor-element-117f3ff > .elementor-background-video-container::before, .elementor-3268 .elementor-element.elementor-element-117f3ff > .e-con-inner > .elementor-background-video-container::before, .elementor-3268 .elementor-element.elementor-element-117f3ff > .elementor-background-slideshow::before, .elementor-3268 .elementor-element.elementor-element-117f3ff > .e-con-inner > .elementor-background-slideshow::before, .elementor-3268 .elementor-element.elementor-element-117f3ff > .elementor-motion-effects-container > .elementor-motion-effects-layer::before{background-color:#000000;--background-overlay:'';}.elementor-3268 .elementor-element.elementor-element-117f3ff.e-con{--flex-grow:0;--flex-shrink:0;}.elementor-3268 .elementor-element.elementor-element-c2beb78{--display:flex;--flex-direction:row;--container-widget-width:initial;--container-widget-height:100%;--container-widget-flex-grow:1;--container-widget-align-self:stretch;--flex-wrap-mobile:wrap;overflow:visible;}.elementor-3268 .elementor-element.elementor-element-330795c{--display:flex;--flex-direction:column;--container-widget-width:100%;--container-widget-height:initial;--container-widget-flex-grow:0;--container-widget-align-self:initial;--flex-wrap-mobile:wrap;overflow:visible;}.elementor-3268 .elementor-element.elementor-element-17a9a05{--display:flex;--flex-direction:column;--container-widget-width:100%;--container-widget-height:initial;--container-widget-flex-grow:0;--container-widget-align-self:initial;--flex-wrap-mobile:wrap;--margin-top:0px;--margin-bottom:0px;--margin-left:0px;--margin-right:0px;--padding-top:80px;--padding-bottom:80px;--padding-left:10px;--padding-right:10px;overflow:visible;}.elementor-3268 .elementor-element.elementor-element-4beb1c3{--display:flex;--flex-direction:row;--container-widget-width:initial;--container-widget-height:100%;--container-widget-flex-grow:1;--container-widget-align-self:stretch;--flex-wrap-mobile:wrap;--padding-top:10px;--padding-bottom:0px;--padding-left:0px;--padding-right:0px;overflow:visible;}.elementor-3268 .elementor-element.elementor-element-32d2c2f{--display:flex;--padding-top:0px;--padding-bottom:0px;--padding-left:30px;--padding-right:0px;overflow:visible;}.elementor-3268 .elementor-element.elementor-element-0a5cd67{width:var( --container-widget-width, 100% );max-width:100%;--container-widget-width:100%;--container-widget-flex-grow:0;text-align:center;}.elementor-3268 .elementor-element.elementor-element-0a5cd67 .elementor-heading-title{font-family:\"Lato\", Sans-serif;font-size:32px;font-weight:600;line-height:32px;}.elementor-3268 .elementor-element.elementor-element-8108c17{width:var( --container-widget-width, 75% );max-width:75%;--container-widget-width:75%;--container-widget-flex-grow:0;text-align:center;font-family:\"Lato\", Sans-serif;font-size:20px;font-weight:400;line-height:29px;color:#313131;}.elementor-3268 .elementor-element.elementor-element-8108c17.elementor-element{--align-self:center;}.elementor-3268 .elementor-element.elementor-element-fa8708e .elementor-button{background-color:var( --e-global-color-astglobalcolor6 );fill:var( --e-global-color-primary );color:var( --e-global-color-primary );border-style:solid;border-width:1px 1px 1px 1px;border-color:var( --e-global-color-secondary );padding:15px 40px 15px 40px;}.elementor-3268 .elementor-element.elementor-element-fa8708e .elementor-button:hover, .elementor-3268 .elementor-element.elementor-element-fa8708e .elementor-button:focus{background-color:#FFFFFF;color:#000000;border-color:#302B2B;}.elementor-3268 .elementor-element.elementor-element-fa8708e .elementor-button:hover svg, .elementor-3268 .elementor-element.elementor-element-fa8708e .elementor-button:focus svg{fill:#000000;}.elementor-3268 .elementor-element.elementor-element-e805599{--display:flex;--flex-direction:row;--container-widget-width:initial;--container-widget-height:100%;--container-widget-flex-grow:1;--container-widget-align-self:stretch;--flex-wrap-mobile:wrap;--margin-top:0px;--margin-bottom:0px;--margin-left:0px;--margin-right:0px;--padding-top:80px;--padding-bottom:80px;--padding-left:10px;--padding-right:10px;overflow:visible;}.elementor-3268 .elementor-element.elementor-element-e805599:not(.elementor-motion-effects-element-type-background), .elementor-3268 .elementor-element.elementor-element-e805599 > .elementor-motion-effects-container > .elementor-motion-effects-layer{background-color:#8080801C;}.elementor-3268 .elementor-element.elementor-element-87f530f{--display:flex;overflow:visible;}.elementor-3268 .elementor-element.elementor-element-7a075c2{--display:flex;overflow:visible;}.elementor-3268 .elementor-element.elementor-element-52bd8f5{width:var( --container-widget-width, 100% );max-width:100%;--container-widget-width:100%;--container-widget-flex-grow:0;}.elementor-3268 .elementor-element.elementor-element-52bd8f5 .elementor-heading-title{font-family:\"Lato\", Sans-serif;font-size:32px;font-weight:600;line-height:32px;}.elementor-3268 .elementor-element.elementor-element-2ba9660{width:var( --container-widget-width, 77% );max-width:77%;--container-widget-width:77%;--container-widget-flex-grow:0;text-align:start;font-family:\"Lato\", Sans-serif;font-size:20px;font-weight:400;line-height:29px;color:#313131;}.elementor-3268 .elementor-element.elementor-element-2ba9660.elementor-element{--align-self:flex-start;}.elementor-3268 .elementor-element.elementor-element-ddce334{width:var( --container-widget-width, 100% );max-width:100%;--container-widget-width:100%;--container-widget-flex-grow:0;}.elementor-3268 .elementor-element.elementor-element-ddce334 .elementor-heading-title{font-family:\"Lato\", Sans-serif;font-size:22px;font-weight:400;line-height:32px;color:#161616;}.elementor-3268 .elementor-element.elementor-element-5c087d5{width:var( --container-widget-width, 77% );max-width:77%;--container-widget-width:77%;--container-widget-flex-grow:0;text-align:start;font-family:\"Lato\", Sans-serif;font-size:20px;font-weight:400;line-height:29px;color:#313131;}.elementor-3268 .elementor-element.elementor-element-5c087d5.elementor-element{--align-self:flex-start;}.elementor-3268 .elementor-element.elementor-element-caee0e9 .elementor-button{background-color:var( --e-global-color-astglobalcolor6 );fill:var( --e-global-color-primary );color:var( --e-global-color-primary );border-style:solid;border-width:1px 1px 1px 1px;border-color:var( --e-global-color-secondary );padding:15px 40px 15px 40px;}.elementor-3268 .elementor-element.elementor-element-caee0e9 .elementor-button:hover, .elementor-3268 .elementor-element.elementor-element-caee0e9 .elementor-button:focus{background-color:#FFFFFF;color:#000000;border-color:#302B2B;}.elementor-3268 .elementor-element.elementor-element-caee0e9 .elementor-button:hover svg, .elementor-3268 .elementor-element.elementor-element-caee0e9 .elementor-button:focus svg{fill:#000000;}.elementor-3268 .elementor-element.elementor-element-eb704af{width:var( --container-widget-width, 100% );max-width:100%;--container-widget-width:100%;--container-widget-flex-grow:0;}.elementor-3268 .elementor-element.elementor-element-eb704af:hover{--e-transform-scale:1.02;}.elementor-3268 .elementor-element.elementor-element-eb704af.elementor-element{--align-self:center;}.elementor-3268 .elementor-element.elementor-element-eb704af img{border-radius:40px 40px 40px 40px;}@media(max-width:1024px){.elementor-3268 .elementor-element.elementor-element-117f3ff{--min-height:352px;--flex-direction:column;--container-widget-width:100%;--container-widget-height:initial;--container-widget-flex-grow:0;--container-widget-align-self:initial;--flex-wrap-mobile:wrap;--flex-wrap:wrap;}.elementor-3268 .elementor-element.elementor-element-c2beb78{--flex-wrap:wrap;}.elementor-3268 .elementor-element.elementor-element-330795c{--flex-direction:column;--container-widget-width:100%;--container-widget-height:initial;--container-widget-flex-grow:0;--container-widget-align-self:initial;--flex-wrap-mobile:wrap;}.elementor-3268 .elementor-element.elementor-element-17a9a05{--padding-top:60px;--padding-bottom:0px;--padding-left:0px;--padding-right:0px;}.elementor-3268 .elementor-element.elementor-element-4beb1c3{--flex-wrap:wrap;}.elementor-3268 .elementor-element.elementor-element-8108c17{--container-widget-width:1000px;--container-widget-flex-grow:0;width:var( --container-widget-width, 1000px );max-width:1000px;}.elementor-3268 .elementor-element.elementor-element-e805599{--flex-wrap:wrap;--padding-top:60px;--padding-bottom:0px;--padding-left:0px;--padding-right:0px;}.elementor-3268 .elementor-element.elementor-element-2ba9660{--container-widget-width:1000px;--container-widget-flex-grow:0;width:var( --container-widget-width, 1000px );max-width:1000px;}}@media(max-width:767px){.elementor-3268 .elementor-element.elementor-element-117f3ff{--min-height:323px;}.elementor-3268 .elementor-element.elementor-element-17a9a05{--padding-top:40px;--padding-bottom:40px;--padding-left:0px;--padding-right:0px;}.elementor-3268 .elementor-element.elementor-element-32d2c2f{--padding-top:0px;--padding-bottom:0px;--padding-left:0px;--padding-right:0px;}.elementor-3268 .elementor-element.elementor-element-0a5cd67{text-align:center;}.elementor-3268 .elementor-element.elementor-element-8108c17{--container-widget-width:1000px;--container-widget-flex-grow:0;width:var( --container-widget-width, 1000px );max-width:1000px;text-align:center;}.elementor-3268 .elementor-element.elementor-element-e805599{--padding-top:40px;--padding-bottom:40px;--padding-left:0px;--padding-right:0px;}.elementor-3268 .elementor-element.elementor-element-52bd8f5{text-align:center;}.elementor-3268 .elementor-element.elementor-element-2ba9660{--container-widget-width:1000px;--container-widget-flex-grow:0;width:var( --container-widget-width, 1000px );max-width:1000px;text-align:center;}.elementor-3268 .elementor-element.elementor-element-5c087d5{--container-widget-width:1000px;--container-widget-flex-grow:0;width:var( --container-widget-width, 1000px );max-width:1000px;}}@media(min-width:768px){.elementor-3268 .elementor-element.elementor-element-330795c{--width:100%;}}@media(max-width:1024px) and (min-width:768px){.elementor-3268 .elementor-element.elementor-element-330795c{--width:100%;}}<\/style>\t\t<div data-elementor-type=\"wp-page\" data-elementor-id=\"3268\" class=\"elementor elementor-3268\" data-elementor-post-type=\"page\">\n\t\t\t\t<div class=\"elementor-element elementor-element-117f3ff e-con-full e-flex e-con e-parent\" data-id=\"117f3ff\" data-element_type=\"container\" data-settings=\"{&quot;background_background&quot;:&quot;classic&quot;}\">\n\t\t<div class=\"elementor-element elementor-element-c2beb78 e-con-full e-flex e-con e-child\" data-id=\"c2beb78\" data-element_type=\"container\">\n\t\t<div class=\"elementor-element elementor-element-330795c e-con-full e-flex e-con e-child\" data-id=\"330795c\" data-element_type=\"container\">\n\t\t\t\t<\/div>\n\t\t\t\t<\/div>\n\t\t\t\t<\/div>\n\t\t<div class=\"elementor-element elementor-element-17a9a05 e-flex e-con-boxed e-con e-parent\" data-id=\"17a9a05\" data-element_type=\"container\" data-settings=\"{&quot;background_background&quot;:&quot;classic&quot;}\">\n\t\t\t\t\t<div class=\"e-con-inner\">\n\t\t<div class=\"elementor-element elementor-element-4beb1c3 e-con-full e-flex e-con e-child\" data-id=\"4beb1c3\" data-element_type=\"container\">\n\t\t<div class=\"elementor-element elementor-element-32d2c2f e-con-full e-flex e-con e-child\" data-id=\"32d2c2f\" data-element_type=\"container\">\n\t\t\t\t<div class=\"elementor-element elementor-element-0a5cd67 elementor-widget__width-initial elementor-widget elementor-widget-heading\" data-id=\"0a5cd67\" data-element_type=\"widget\" data-settings=\"{&quot;ekit_we_effect_on&quot;:&quot;none&quot;}\" data-widget_type=\"heading.default\">\n\t\t\t\t\t<h2 class=\"elementor-heading-title elementor-size-default\">Brow lamination\n<\/h2>\t\t\t\t<\/div>\n\t\t\t\t<div class=\"elementor-element elementor-element-8108c17 elementor-widget__width-initial elementor-widget elementor-widget-text-editor\" data-id=\"8108c17\" data-element_type=\"widget\" data-settings=\"{&quot;ekit_we_effect_on&quot;:&quot;none&quot;}\" data-widget_type=\"text-editor.default\">\n\t\t\t\t\t\t\t\t\t<p><span style=\"font-weight: 400;\">Augabr\u00fana lyfting sem endist \u00ed 6-8 vikur, \u00e1samt n\u00e6ringu \u00e1 augabr\u00fanasv\u00e6\u00f0i og litun \u00e1 br\u00fanir me\u00f0 plokkun e\u00f0a vaxi. Tilvalin lei\u00f0 til \u00feess a\u00f0 skerpa vel \u00e1 br\u00fanum og f\u00e1 aukna fyllingu. Hentar einnig vel fyrir \u00fe\u00e6r sem eru me\u00f0 f\u00e1 h\u00e1r og vilja \u00feykkara \u00fatlit. Innifali\u00f0 \u00ed me\u00f0fer\u00f0 er litun \u00e1 augabr\u00fanir en h\u00e6gt er a\u00f0 b\u00e6ta vi\u00f0 litun \u00e1 augnh\u00e1r ef \u00feess er \u00f3ska\u00f0.<\/span><\/p>\t\t\t\t\t\t\t\t<\/div>\n\t\t\t\t<div class=\"elementor-element elementor-element-fa8708e elementor-align-center elementor-widget elementor-widget-button\" data-id=\"fa8708e\" data-element_type=\"widget\" data-settings=\"{&quot;ekit_we_effect_on&quot;:&quot;none&quot;}\" data-widget_type=\"button.default\">\n\t\t\t\t\t\t\t\t\t\t<a class=\"elementor-button elementor-button-link elementor-size-sm\" href=\"https:\/\/noona.is\/snyrtistofanrunir\">\n\t\t\t\t\t\t<span class=\"elementor-button-content-wrapper\">\n\t\t\t\t\t\t\t\t\t<span class=\"elementor-button-text\">B\u00f3ka t\u00edma<\/span>\n\t\t\t\t\t<\/span>\n\t\t\t\t\t<\/a>\n\t\t\t\t\t\t\t\t<\/div>\n\t\t\t\t<\/div>\n\t\t\t\t<\/div>\n\t\t\t\t\t<\/div>\n\t\t\t\t<\/div>\n\t\t<div class=\"elementor-element elementor-element-e805599 e-flex e-con-boxed e-con e-parent\" data-id=\"e805599\" data-element_type=\"container\" data-settings=\"{&quot;background_background&quot;:&quot;classic&quot;}\">\n\t\t\t\t\t<div class=\"e-con-inner\">\n\t\t<div class=\"elementor-element elementor-element-87f530f e-con-full e-flex e-con e-child\" data-id=\"87f530f\" data-element_type=\"container\">\n\t\t<div class=\"elementor-element elementor-element-7a075c2 e-con-full e-flex e-con e-child\" data-id=\"7a075c2\" data-element_type=\"container\">\n\t\t\t\t<div class=\"elementor-element elementor-element-52bd8f5 elementor-widget__width-initial elementor-widget elementor-widget-heading\" data-id=\"52bd8f5\" data-element_type=\"widget\" data-settings=\"{&quot;ekit_we_effect_on&quot;:&quot;none&quot;}\" data-widget_type=\"heading.default\">\n\t\t\t\t\t<h2 class=\"elementor-heading-title elementor-size-default\">Lash lift\n<\/h2>\t\t\t\t<\/div>\n\t\t\t\t<div class=\"elementor-element elementor-element-2ba9660 elementor-widget__width-initial elementor-widget elementor-widget-text-editor\" data-id=\"2ba9660\" data-element_type=\"widget\" data-settings=\"{&quot;ekit_we_effect_on&quot;:&quot;none&quot;}\" data-widget_type=\"text-editor.default\">\n\t\t\t\t\t\t\t\t\t<p><span style=\"font-weight: 400;\">Augnh\u00e1ralyfting\/permanent sem gefur augnh\u00e1runum fallega sveigju sem endist \u00ed allt a\u00f0 6-8 vikur. Me\u00f0fer\u00f0in inniheldur einnig n\u00e6ringu sem styrkir augnh\u00e1rin me\u00f0 v\u00edtam\u00ednum og am\u00edn\u00f3s\u00fdrum. Innifali\u00f0 \u00ed me\u00f0fer\u00f0 er litun \u00e1 augnh\u00e1r en h\u00e6gt er a\u00f0 b\u00e6ta vi\u00f0 litun \u00e1 augabr\u00fanir ef \u00feess er \u00f3ska\u00f0.<\/span><\/p>\t\t\t\t\t\t\t\t<\/div>\n\t\t\t\t<div class=\"elementor-element elementor-element-ddce334 elementor-widget__width-initial elementor-widget elementor-widget-heading\" data-id=\"ddce334\" data-element_type=\"widget\" data-settings=\"{&quot;ekit_we_effect_on&quot;:&quot;none&quot;}\" data-widget_type=\"heading.default\">\n\t\t\t\t\t<h2 class=\"elementor-heading-title elementor-size-default\">Eftir me\u00f0fer\u00f0ir skal for\u00f0ast:\n<\/h2>\t\t\t\t<\/div>\n\t\t\t\t<div class=\"elementor-element elementor-element-5c087d5 elementor-widget__width-initial elementor-widget elementor-widget-text-editor\" data-id=\"5c087d5\" data-element_type=\"widget\" data-settings=\"{&quot;ekit_we_effect_on&quot;:&quot;none&quot;}\" data-widget_type=\"text-editor.default\">\n\t\t\t\t\t\t\t\t\t<ul><li style=\"font-weight: 400;\" aria-level=\"1\"><span style=\"font-weight: 400;\">Vatn, hita og gufu \u00ed 24 klst.<\/span><\/li><li style=\"font-weight: 400;\" aria-level=\"1\"><span style=\"font-weight: 400;\">Ekki nota maskara n\u00e9 efni \u00ed augabr\u00fanir \u00ed 24 klst.<\/span><\/li><li style=\"font-weight: 400;\" aria-level=\"1\"><span style=\"font-weight: 400;\">For\u00f0ast a\u00f0 nudda augu e\u00f0a augabr\u00fanir \u00ed 24 klst.<\/span><\/li><\/ul>\t\t\t\t\t\t\t\t<\/div>\n\t\t\t\t<div class=\"elementor-element elementor-element-caee0e9 elementor-widget elementor-widget-button\" data-id=\"caee0e9\" data-element_type=\"widget\" data-settings=\"{&quot;ekit_we_effect_on&quot;:&quot;none&quot;}\" data-widget_type=\"button.default\">\n\t\t\t\t\t\t\t\t\t\t<a class=\"elementor-button elementor-button-link elementor-size-sm\" href=\"https:\/\/noona.is\/snyrtistofanrunir\">\n\t\t\t\t\t\t<span class=\"elementor-button-content-wrapper\">\n\t\t\t\t\t\t\t\t\t<span class=\"elementor-button-text\">B\u00f3ka t\u00edma<\/span>\n\t\t\t\t\t<\/span>\n\t\t\t\t\t<\/a>\n\t\t\t\t\t\t\t\t<\/div>\n\t\t\t\t<\/div>\n\t\t\t\t<\/div>\n\t\t\t\t<div class=\"elementor-element elementor-element-eb704af elementor-widget__width-initial e-transform e-transform elementor-widget elementor-widget-image\" data-id=\"eb704af\" data-element_type=\"widget\" data-settings=\"{&quot;_transform_scale_effect_hover&quot;:{&quot;unit&quot;:&quot;px&quot;,&quot;size&quot;:1.02,&quot;sizes&quot;:[]},&quot;ekit_we_effect_on&quot;:&quot;none&quot;,&quot;_transform_scale_effect&quot;:{&quot;unit&quot;:&quot;px&quot;,&quot;size&quot;:&quot;&quot;,&quot;sizes&quot;:[]},&quot;_transform_scale_effect_tablet&quot;:{&quot;unit&quot;:&quot;px&quot;,&quot;size&quot;:&quot;&quot;,&quot;sizes&quot;:[]},&quot;_transform_scale_effect_mobile&quot;:{&quot;unit&quot;:&quot;px&quot;,&quot;size&quot;:&quot;&quot;,&quot;sizes&quot;:[]},&quot;_transform_scale_effect_hover_tablet&quot;:{&quot;unit&quot;:&quot;px&quot;,&quot;size&quot;:&quot;&quot;,&quot;sizes&quot;:[]},&quot;_transform_scale_effect_hover_mobile&quot;:{&quot;unit&quot;:&quot;px&quot;,&quot;size&quot;:&quot;&quot;,&quot;sizes&quot;:[]}}\" data-widget_type=\"image.default\">\n\t\t\t\t\t\t\t\t\t\t\t\t\t\t\t<img fetchpriority=\"high\" decoding=\"async\" width=\"2560\" height=\"1707\" src=\"https:\/\/snyrtistofanrunir.is\/wp-content\/uploads\/2025\/09\/lash-lift-scaled.jpg\" class=\"attachment-full size-full wp-image-3254\" alt=\"\" srcset=\"https:\/\/snyrtistofanrunir.is\/wp-content\/uploads\/2025\/09\/lash-lift-scaled.jpg 2560w, https:\/\/snyrtistofanrunir.is\/wp-content\/uploads\/2025\/09\/lash-lift-300x200.jpg 300w, https:\/\/snyrtistofanrunir.is\/wp-content\/uploads\/2025\/09\/lash-lift-1024x683.jpg 1024w, https:\/\/snyrtistofanrunir.is\/wp-content\/uploads\/2025\/09\/lash-lift-768x512.jpg 768w, https:\/\/snyrtistofanrunir.is\/wp-content\/uploads\/2025\/09\/lash-lift-1536x1024.jpg 1536w, https:\/\/snyrtistofanrunir.is\/wp-content\/uploads\/2025\/09\/lash-lift-2048x1365.jpg 2048w, https:\/\/snyrtistofanrunir.is\/wp-content\/uploads\/2025\/09\/lash-lift-600x400.jpg 600w\" sizes=\"(max-width: 2560px) 100vw, 2560px\" \/>\t\t\t\t\t\t\t\t\t\t\t\t\t\t\t<\/div>\n\t\t\t\t\t<\/div>\n\t\t\t\t<\/div>\n\t\t\t\t<\/div>\n\t\t","protected":false},"excerpt":{"rendered":"<p>Brow lamination Augabr\u00fana lyfting sem endist \u00ed 6-8 vikur, \u00e1samt n\u00e6ringu \u00e1 augabr\u00fanasv\u00e6\u00f0i og litun \u00e1 br\u00fanir me\u00f0 plokkun e\u00f0a [&hellip;]<\/p>\n","protected":false},"author":2,"featured_media":0,"parent":0,"menu_order":0,"comment_status":"closed","ping_status":"closed","template":"","meta":{"site-sidebar-layout":"no-sidebar","site-content-layout":"","ast-site-content-layout":"full-width-container","site-content-style":"default","site-sidebar-style":"default","ast-global-header-display":"","ast-banner-title-visibility":"","ast-main-header-display":"","ast-hfb-above-header-display":"","ast-hfb-below-header-display":"","ast-hfb-mobile-header-display":"","site-post-title":"","ast-breadcrumbs-content":"","ast-featured-img":"disabled","footer-sml-layout":"","theme-transparent-header-meta":"","adv-header-id-meta":"","stick-header-meta":"","header-above-stick-meta":"","header-main-stick-meta":"","header-below-stick-meta":"","astra-migrate-meta-layouts":"default","ast-page-background-enabled":"default","ast-page-background-meta":{"desktop":{"background-color":"var(--ast-global-color-5)","background-image":"","background-repeat":"repeat","background-position":"center center","background-size":"auto","background-attachment":"scroll","background-type":"","background-media":"","overlay-type":"","overlay-color":"","overlay-opacity":"","overlay-gradient":""},"tablet":{"background-color":"","background-image":"","background-repeat":"repeat","background-position":"center center","background-size":"auto","background-attachment":"scroll","background-type":"","background-media":"","overlay-type":"","overlay-color":"","overlay-opacity":"","overlay-gradient":""},"mobile":{"background-color":"","background-image":"","background-repeat":"repeat","background-position":"center center","background-size":"auto","background-attachment":"scroll","background-type":"","background-media":"","overlay-type":"","overlay-color":"","overlay-opacity":"","overlay-gradient":""}},"ast-content-background-meta":{"desktop":{"background-color":"var(--ast-global-color-4)","background-image":"","background-repeat":"repeat","background-position":"center center","background-size":"auto","background-attachment":"scroll","background-type":"","background-media":"","overlay-type":"","overlay-color":"","overlay-opacity":"","overlay-gradient":""},"tablet":{"background-color":"var(--ast-global-color-4)","background-image":"","background-repeat":"repeat","background-position":"center center","background-size":"auto","background-attachment":"scroll","background-type":"","background-media":"","overlay-type":"","overlay-color":"","overlay-opacity":"","overlay-gradient":""},"mobile":{"background-color":"var(--ast-global-color-4)","background-image":"","background-repeat":"repeat","background-position":"center center","background-size":"auto","background-attachment":"scroll","background-type":"","background-media":"","overlay-type":"","overlay-color":"","overlay-opacity":"","overlay-gradient":""}},"footnotes":""},"class_list":["post-3268","page","type-page","status-publish","hentry"],"_links":{"self":[{"href":"https:\/\/snyrtistofanrunir.is\/index.php?rest_route=\/wp\/v2\/pages\/3268","targetHints":{"allow":["GET"]}}],"collection":[{"href":"https:\/\/snyrtistofanrunir.is\/index.php?rest_route=\/wp\/v2\/pages"}],"about":[{"href":"https:\/\/snyrtistofanrunir.is\/index.php?rest_route=\/wp\/v2\/types\/page"}],"author":[{"embeddable":true,"href":"https:\/\/snyrtistofanrunir.is\/index.php?rest_route=\/wp\/v2\/users\/2"}],"replies":[{"embeddable":true,"href":"https:\/\/snyrtistofanrunir.is\/index.php?rest_route=%2Fwp%2Fv2%2Fcomments&post=3268"}],"version-history":[{"count":19,"href":"https:\/\/snyrtistofanrunir.is\/index.php?rest_route=\/wp\/v2\/pages\/3268\/revisions"}],"predecessor-version":[{"id":3596,"href":"https:\/\/snyrtistofanrunir.is\/index.php?rest_route=\/wp\/v2\/pages\/3268\/revisions\/3596"}],"wp:attachment":[{"href":"https:\/\/snyrtistofanrunir.is\/index.php?rest_route=%2Fwp%2Fv2%2Fmedia&parent=3268"}],"curies":[{"name":"wp","href":"https:\/\/api.w.org\/{rel}","templated":true}]}}