{"id":3214,"date":"2025-09-02T22:15:15","date_gmt":"2025-09-02T22:15:15","guid":{"rendered":"https:\/\/snyrtistofanrunir.is\/?page_id=3214"},"modified":"2025-09-02T22:19:19","modified_gmt":"2025-09-02T22:19:19","slug":"handsnyrting","status":"publish","type":"page","link":"https:\/\/snyrtistofanrunir.is\/?page_id=3214","title":{"rendered":"Handsnyrting"},"content":{"rendered":"<style>.elementor-3214 .elementor-element.elementor-element-cddf0db{--display:flex;--min-height:568px;--flex-direction:column;--container-widget-width:100%;--container-widget-height:initial;--container-widget-flex-grow:0;--container-widget-align-self:initial;--flex-wrap-mobile:wrap;--gap:0px 0px;--row-gap:0px;--column-gap:0px;--overflow:hidden;--overlay-opacity:0.61;--margin-top:0px;--margin-bottom:0px;--margin-left:0px;--margin-right:0px;--padding-top:120px;--padding-bottom:120px;--padding-left:10px;--padding-right:10px;overflow:visible;}.elementor-3214 .elementor-element.elementor-element-cddf0db:not(.elementor-motion-effects-element-type-background), .elementor-3214 .elementor-element.elementor-element-cddf0db > .elementor-motion-effects-container > .elementor-motion-effects-layer{background-image:url(\"https:\/\/snyrtistofanrunir.is\/wp-content\/uploads\/2025\/09\/high-angle-woman-doing-manicure-client-scaled.jpg\");background-position:center center;background-repeat:no-repeat;background-size:cover;}.elementor-3214 .elementor-element.elementor-element-cddf0db::before, .elementor-3214 .elementor-element.elementor-element-cddf0db > .elementor-background-video-container::before, .elementor-3214 .elementor-element.elementor-element-cddf0db > .e-con-inner > .elementor-background-video-container::before, .elementor-3214 .elementor-element.elementor-element-cddf0db > .elementor-background-slideshow::before, .elementor-3214 .elementor-element.elementor-element-cddf0db > .e-con-inner > .elementor-background-slideshow::before, .elementor-3214 .elementor-element.elementor-element-cddf0db > .elementor-motion-effects-container > .elementor-motion-effects-layer::before{background-color:#000000;--background-overlay:'';}.elementor-3214 .elementor-element.elementor-element-cddf0db.e-con{--flex-grow:0;--flex-shrink:0;}.elementor-3214 .elementor-element.elementor-element-3f092c7{--display:flex;--flex-direction:row;--container-widget-width:initial;--container-widget-height:100%;--container-widget-flex-grow:1;--container-widget-align-self:stretch;--flex-wrap-mobile:wrap;overflow:visible;}.elementor-3214 .elementor-element.elementor-element-e7e8114{--display:flex;--flex-direction:row;--container-widget-width:initial;--container-widget-height:100%;--container-widget-flex-grow:1;--container-widget-align-self:stretch;--flex-wrap-mobile:wrap;--padding-top:80px;--padding-bottom:80px;--padding-left:10px;--padding-right:10px;overflow:visible;}.elementor-3214 .elementor-element.elementor-element-e7e8114:not(.elementor-motion-effects-element-type-background), .elementor-3214 .elementor-element.elementor-element-e7e8114 > .elementor-motion-effects-container > .elementor-motion-effects-layer{background-color:#8080801C;}.elementor-3214 .elementor-element.elementor-element-34a890f{--display:flex;--flex-direction:row;--container-widget-width:initial;--container-widget-height:100%;--container-widget-flex-grow:1;--container-widget-align-self:stretch;--flex-wrap-mobile:wrap;overflow:visible;}.elementor-3214 .elementor-element.elementor-element-a196cae{--display:flex;--padding-top:0px;--padding-bottom:0px;--padding-left:30px;--padding-right:0px;overflow:visible;}.elementor-3214 .elementor-element.elementor-element-a196cae.e-con{--flex-grow:0;--flex-shrink:0;}.elementor-3214 .elementor-element.elementor-element-18543d1{width:var( --container-widget-width, 90% );max-width:90%;--container-widget-width:90%;--container-widget-flex-grow:0;}.elementor-3214 .elementor-element.elementor-element-18543d1 .elementor-heading-title{font-family:\"Lato\", Sans-serif;font-size:32px;font-weight:600;line-height:32px;color:#161616;}.elementor-3214 .elementor-element.elementor-element-4061a5f{width:var( --container-widget-width, 79% );max-width:79%;--container-widget-width:79%;--container-widget-flex-grow:0;text-align:start;font-family:\"Lato\", Sans-serif;font-size:20px;font-weight:400;line-height:29px;color:#313131;}.elementor-3214 .elementor-element.elementor-element-4061a5f.elementor-element{--align-self:flex-start;}.elementor-3214 .elementor-element.elementor-element-b1e95bd .elementor-button{background-color:var( --e-global-color-astglobalcolor6 );fill:var( --e-global-color-primary );color:var( --e-global-color-primary );border-style:solid;border-width:1px 1px 1px 1px;border-color:var( --e-global-color-secondary );padding:15px 40px 15px 40px;}.elementor-3214 .elementor-element.elementor-element-b1e95bd .elementor-button:hover, .elementor-3214 .elementor-element.elementor-element-b1e95bd .elementor-button:focus{background-color:#FFFFFF;color:#000000;border-color:#302B2B;}.elementor-3214 .elementor-element.elementor-element-b1e95bd .elementor-button:hover svg, .elementor-3214 .elementor-element.elementor-element-b1e95bd .elementor-button:focus svg{fill:#000000;}.elementor-3214 .elementor-element.elementor-element-ddc5fe5{width:var( --container-widget-width, 60% );max-width:60%;--container-widget-width:60%;--container-widget-flex-grow:0;}.elementor-3214 .elementor-element.elementor-element-ddc5fe5:hover{--e-transform-scale:1.02;}.elementor-3214 .elementor-element.elementor-element-ddc5fe5.elementor-element{--align-self:flex-start;}.elementor-3214 .elementor-element.elementor-element-ddc5fe5 img{width:100%;border-radius:40px 40px 40px 40px;}@media(min-width:768px){.elementor-3214 .elementor-element.elementor-element-a196cae{--width:58.013%;}}@media(max-width:1024px){.elementor-3214 .elementor-element.elementor-element-cddf0db{--flex-direction:column;--container-widget-width:100%;--container-widget-height:initial;--container-widget-flex-grow:0;--container-widget-align-self:initial;--flex-wrap-mobile:wrap;--flex-wrap:wrap;}.elementor-3214 .elementor-element.elementor-element-3f092c7{--flex-wrap:wrap;}.elementor-3214 .elementor-element.elementor-element-e7e8114{--flex-wrap:wrap;--padding-top:60px;--padding-bottom:60px;--padding-left:0px;--padding-right:0px;}.elementor-3214 .elementor-element.elementor-element-a196cae{--padding-top:0px;--padding-bottom:0px;--padding-left:0px;--padding-right:10px;}.elementor-3214 .elementor-element.elementor-element-4061a5f{padding:0px 0px 0px 0px;--container-widget-width:1000px;--container-widget-flex-grow:0;width:var( --container-widget-width, 1000px );max-width:1000px;}.elementor-3214 .elementor-element.elementor-element-ddc5fe5{--container-widget-width:654px;--container-widget-flex-grow:0;width:var( --container-widget-width, 654px );max-width:654px;}}@media(max-width:767px){.elementor-3214 .elementor-element.elementor-element-e7e8114{--padding-top:40px;--padding-bottom:40px;--padding-left:0px;--padding-right:0px;}.elementor-3214 .elementor-element.elementor-element-a196cae{--padding-top:0px;--padding-bottom:0px;--padding-left:0px;--padding-right:0px;}.elementor-3214 .elementor-element.elementor-element-18543d1{text-align:center;}.elementor-3214 .elementor-element.elementor-element-4061a5f{text-align:center;}}<\/style>\t\t<div data-elementor-type=\"wp-page\" data-elementor-id=\"3214\" class=\"elementor elementor-3214\" data-elementor-post-type=\"page\">\n\t\t\t\t<div class=\"elementor-element elementor-element-cddf0db e-con-full e-flex e-con e-parent\" data-id=\"cddf0db\" data-element_type=\"container\" data-settings=\"{&quot;background_background&quot;:&quot;classic&quot;}\">\n\t\t<div class=\"elementor-element elementor-element-3f092c7 e-con-full e-flex e-con e-child\" data-id=\"3f092c7\" data-element_type=\"container\">\n\t\t\t\t<\/div>\n\t\t\t\t<\/div>\n\t\t<div class=\"elementor-element elementor-element-e7e8114 e-flex e-con-boxed e-con e-child\" data-id=\"e7e8114\" data-element_type=\"container\" data-settings=\"{&quot;background_background&quot;:&quot;classic&quot;}\">\n\t\t\t\t\t<div class=\"e-con-inner\">\n\t\t<div class=\"elementor-element elementor-element-34a890f e-con-full e-flex e-con e-child\" data-id=\"34a890f\" data-element_type=\"container\">\n\t\t<div class=\"elementor-element elementor-element-a196cae e-con-full e-flex e-con e-child\" data-id=\"a196cae\" data-element_type=\"container\">\n\t\t\t\t<div class=\"elementor-element elementor-element-18543d1 elementor-widget__width-initial elementor-widget elementor-widget-heading\" data-id=\"18543d1\" data-element_type=\"widget\" data-settings=\"{&quot;ekit_we_effect_on&quot;:&quot;none&quot;}\" data-widget_type=\"heading.default\">\n\t\t\t\t\t<h2 class=\"elementor-heading-title elementor-size-default\">Handsnyrting\n<\/h2>\t\t\t\t<\/div>\n\t\t\t\t<div class=\"elementor-element elementor-element-4061a5f elementor-widget__width-initial elementor-widget elementor-widget-text-editor\" data-id=\"4061a5f\" data-element_type=\"widget\" data-settings=\"{&quot;ekit_we_effect_on&quot;:&quot;none&quot;}\" data-widget_type=\"text-editor.default\">\n\t\t\t\t\t\t\t\t\t<p>Klass\u00edsk handsnyrting \u00fear sem naglab\u00f6nd eru hreinsu\u00f0, neglur \u00fejala\u00f0ar og m\u00f3ta\u00f0ar, handanudd \u00e1samt paraff\u00ednvaxi \u00e1 hendur.<br \/>H\u00e6gt er a\u00f0 b\u00e6ta vi\u00f0 l\u00f6kkun ef \u00feess er \u00f3ska\u00f0.<\/p>\t\t\t\t\t\t\t\t<\/div>\n\t\t\t\t<div class=\"elementor-element elementor-element-b1e95bd elementor-widget elementor-widget-button\" data-id=\"b1e95bd\" data-element_type=\"widget\" data-settings=\"{&quot;ekit_we_effect_on&quot;:&quot;none&quot;}\" data-widget_type=\"button.default\">\n\t\t\t\t\t\t\t\t\t\t<a class=\"elementor-button elementor-button-link elementor-size-sm\" href=\"https:\/\/noona.is\/\">\n\t\t\t\t\t\t<span class=\"elementor-button-content-wrapper\">\n\t\t\t\t\t\t\t\t\t<span class=\"elementor-button-text\">B\u00f3ka t\u00edma<\/span>\n\t\t\t\t\t<\/span>\n\t\t\t\t\t<\/a>\n\t\t\t\t\t\t\t\t<\/div>\n\t\t\t\t<\/div>\n\t\t\t\t<div class=\"elementor-element elementor-element-ddc5fe5 elementor-widget__width-initial e-transform e-transform elementor-widget elementor-widget-image\" data-id=\"ddc5fe5\" data-element_type=\"widget\" data-settings=\"{&quot;_transform_scale_effect_hover&quot;:{&quot;unit&quot;:&quot;px&quot;,&quot;size&quot;:1.02,&quot;sizes&quot;:[]},&quot;ekit_we_effect_on&quot;:&quot;none&quot;,&quot;_transform_scale_effect&quot;:{&quot;unit&quot;:&quot;px&quot;,&quot;size&quot;:&quot;&quot;,&quot;sizes&quot;:[]},&quot;_transform_scale_effect_tablet&quot;:{&quot;unit&quot;:&quot;px&quot;,&quot;size&quot;:&quot;&quot;,&quot;sizes&quot;:[]},&quot;_transform_scale_effect_mobile&quot;:{&quot;unit&quot;:&quot;px&quot;,&quot;size&quot;:&quot;&quot;,&quot;sizes&quot;:[]},&quot;_transform_scale_effect_hover_tablet&quot;:{&quot;unit&quot;:&quot;px&quot;,&quot;size&quot;:&quot;&quot;,&quot;sizes&quot;:[]},&quot;_transform_scale_effect_hover_mobile&quot;:{&quot;unit&quot;:&quot;px&quot;,&quot;size&quot;:&quot;&quot;,&quot;sizes&quot;:[]}}\" data-widget_type=\"image.default\">\n\t\t\t\t\t\t\t\t\t\t\t\t\t\t\t<img fetchpriority=\"high\" decoding=\"async\" width=\"480\" height=\"476\" src=\"https:\/\/snyrtistofanrunir.is\/wp-content\/uploads\/2025\/09\/Handsnyrting.jpg\" class=\"attachment-full size-full wp-image-3217\" alt=\"\" srcset=\"https:\/\/snyrtistofanrunir.is\/wp-content\/uploads\/2025\/09\/Handsnyrting.jpg 480w, https:\/\/snyrtistofanrunir.is\/wp-content\/uploads\/2025\/09\/Handsnyrting-300x298.jpg 300w, https:\/\/snyrtistofanrunir.is\/wp-content\/uploads\/2025\/09\/Handsnyrting-150x150.jpg 150w, https:\/\/snyrtistofanrunir.is\/wp-content\/uploads\/2025\/09\/Handsnyrting-100x100.jpg 100w\" sizes=\"(max-width: 480px) 100vw, 480px\" \/>\t\t\t\t\t\t\t\t\t\t\t\t\t\t\t<\/div>\n\t\t\t\t<\/div>\n\t\t\t\t\t<\/div>\n\t\t\t\t<\/div>\n\t\t\t\t<\/div>\n\t\t","protected":false},"excerpt":{"rendered":"<p>Handsnyrting Klass\u00edsk handsnyrting \u00fear sem naglab\u00f6nd eru hreinsu\u00f0, neglur \u00fejala\u00f0ar og m\u00f3ta\u00f0ar, handanudd \u00e1samt paraff\u00ednvaxi \u00e1 hendur.H\u00e6gt er a\u00f0 b\u00e6ta [&hellip;]<\/p>\n","protected":false},"author":2,"featured_media":0,"parent":0,"menu_order":0,"comment_status":"closed","ping_status":"closed","template":"","meta":{"site-sidebar-layout":"no-sidebar","site-content-layout":"","ast-site-content-layout":"full-width-container","site-content-style":"default","site-sidebar-style":"default","ast-global-header-display":"","ast-banner-title-visibility":"","ast-main-header-display":"","ast-hfb-above-header-display":"","ast-hfb-below-header-display":"","ast-hfb-mobile-header-display":"","site-post-title":"","ast-breadcrumbs-content":"","ast-featured-img":"disabled","footer-sml-layout":"","theme-transparent-header-meta":"","adv-header-id-meta":"","stick-header-meta":"","header-above-stick-meta":"","header-main-stick-meta":"","header-below-stick-meta":"","astra-migrate-meta-layouts":"default","ast-page-background-enabled":"default","ast-page-background-meta":{"desktop":{"background-color":"var(--ast-global-color-5)","background-image":"","background-repeat":"repeat","background-position":"center center","background-size":"auto","background-attachment":"scroll","background-type":"","background-media":"","overlay-type":"","overlay-color":"","overlay-opacity":"","overlay-gradient":""},"tablet":{"background-color":"","background-image":"","background-repeat":"repeat","background-position":"center center","background-size":"auto","background-attachment":"scroll","background-type":"","background-media":"","overlay-type":"","overlay-color":"","overlay-opacity":"","overlay-gradient":""},"mobile":{"background-color":"","background-image":"","background-repeat":"repeat","background-position":"center center","background-size":"auto","background-attachment":"scroll","background-type":"","background-media":"","overlay-type":"","overlay-color":"","overlay-opacity":"","overlay-gradient":""}},"ast-content-background-meta":{"desktop":{"background-color":"var(--ast-global-color-4)","background-image":"","background-repeat":"repeat","background-position":"center center","background-size":"auto","background-attachment":"scroll","background-type":"","background-media":"","overlay-type":"","overlay-color":"","overlay-opacity":"","overlay-gradient":""},"tablet":{"background-color":"var(--ast-global-color-4)","background-image":"","background-repeat":"repeat","background-position":"center center","background-size":"auto","background-attachment":"scroll","background-type":"","background-media":"","overlay-type":"","overlay-color":"","overlay-opacity":"","overlay-gradient":""},"mobile":{"background-color":"var(--ast-global-color-4)","background-image":"","background-repeat":"repeat","background-position":"center center","background-size":"auto","background-attachment":"scroll","background-type":"","background-media":"","overlay-type":"","overlay-color":"","overlay-opacity":"","overlay-gradient":""}},"footnotes":""},"class_list":["post-3214","page","type-page","status-publish","hentry"],"_links":{"self":[{"href":"https:\/\/snyrtistofanrunir.is\/index.php?rest_route=\/wp\/v2\/pages\/3214","targetHints":{"allow":["GET"]}}],"collection":[{"href":"https:\/\/snyrtistofanrunir.is\/index.php?rest_route=\/wp\/v2\/pages"}],"about":[{"href":"https:\/\/snyrtistofanrunir.is\/index.php?rest_route=\/wp\/v2\/types\/page"}],"author":[{"embeddable":true,"href":"https:\/\/snyrtistofanrunir.is\/index.php?rest_route=\/wp\/v2\/users\/2"}],"replies":[{"embeddable":true,"href":"https:\/\/snyrtistofanrunir.is\/index.php?rest_route=%2Fwp%2Fv2%2Fcomments&post=3214"}],"version-history":[{"count":4,"href":"https:\/\/snyrtistofanrunir.is\/index.php?rest_route=\/wp\/v2\/pages\/3214\/revisions"}],"predecessor-version":[{"id":3222,"href":"https:\/\/snyrtistofanrunir.is\/index.php?rest_route=\/wp\/v2\/pages\/3214\/revisions\/3222"}],"wp:attachment":[{"href":"https:\/\/snyrtistofanrunir.is\/index.php?rest_route=%2Fwp%2Fv2%2Fmedia&parent=3214"}],"curies":[{"name":"wp","href":"https:\/\/api.w.org\/{rel}","templated":true}]}}