{"id":3196,"date":"2025-09-02T22:04:08","date_gmt":"2025-09-02T22:04:08","guid":{"rendered":"https:\/\/snyrtistofanrunir.is\/?page_id=3196"},"modified":"2025-09-15T00:35:23","modified_gmt":"2025-09-15T00:35:23","slug":"got-i-eyru","status":"publish","type":"page","link":"https:\/\/snyrtistofanrunir.is\/?page_id=3196","title":{"rendered":"G\u00f6t \u00ed eyru"},"content":{"rendered":"<style>.elementor-3196 .elementor-element.elementor-element-ae19784{--display:flex;--flex-direction:row;--container-widget-width:initial;--container-widget-height:100%;--container-widget-flex-grow:1;--container-widget-align-self:stretch;--flex-wrap-mobile:wrap;--margin-top:0px;--margin-bottom:0px;--margin-left:0px;--margin-right:0px;--padding-top:80px;--padding-bottom:80px;--padding-left:10px;--padding-right:10px;overflow:visible;}.elementor-3196 .elementor-element.elementor-element-ae19784:not(.elementor-motion-effects-element-type-background), .elementor-3196 .elementor-element.elementor-element-ae19784 > .elementor-motion-effects-container > .elementor-motion-effects-layer{background-color:#8080801C;}.elementor-3196 .elementor-element.elementor-element-cd2cc8d{--display:flex;overflow:visible;}.elementor-3196 .elementor-element.elementor-element-cd2cc8d.e-con{--flex-grow:0;--flex-shrink:0;}.elementor-3196 .elementor-element.elementor-element-1089c6e{--display:flex;overflow:visible;}.elementor-3196 .elementor-element.elementor-element-be071cc{width:var( --container-widget-width, 100% );max-width:100%;--container-widget-width:100%;--container-widget-flex-grow:0;text-align:start;}.elementor-3196 .elementor-element.elementor-element-be071cc .elementor-heading-title{font-family:\"Lato\", Sans-serif;font-size:32px;font-weight:600;line-height:32px;}.elementor-3196 .elementor-element.elementor-element-239a471{width:var( --container-widget-width, 77% );max-width:77%;--container-widget-width:77%;--container-widget-flex-grow:0;text-align:start;font-family:\"Lato\", Sans-serif;font-size:20px;font-weight:400;line-height:29px;color:#313131;}.elementor-3196 .elementor-element.elementor-element-239a471.elementor-element{--align-self:flex-start;}.elementor-3196 .elementor-element.elementor-element-3897ad4 .elementor-button{background-color:var( --e-global-color-astglobalcolor6 );fill:var( --e-global-color-primary );color:var( --e-global-color-primary );border-style:solid;border-width:1px 1px 1px 1px;border-color:var( --e-global-color-secondary );padding:15px 40px 15px 40px;}.elementor-3196 .elementor-element.elementor-element-3897ad4 .elementor-button:hover, .elementor-3196 .elementor-element.elementor-element-3897ad4 .elementor-button:focus{background-color:#FFFFFF;color:#000000;border-color:#302B2B;}.elementor-3196 .elementor-element.elementor-element-3897ad4 .elementor-button:hover svg, .elementor-3196 .elementor-element.elementor-element-3897ad4 .elementor-button:focus svg{fill:#000000;}.elementor-3196 .elementor-element.elementor-element-0afe6ea img{border-radius:40px 40px 40px 40px;}@media(min-width:768px){.elementor-3196 .elementor-element.elementor-element-cd2cc8d{--width:55.641%;}}@media(max-width:1024px){.elementor-3196 .elementor-element.elementor-element-ae19784{--flex-wrap:wrap;--padding-top:60px;--padding-bottom:60px;--padding-left:0px;--padding-right:0px;}.elementor-3196 .elementor-element.elementor-element-239a471{--container-widget-width:1000px;--container-widget-flex-grow:0;width:var( --container-widget-width, 1000px );max-width:1000px;}}@media(max-width:767px){.elementor-3196 .elementor-element.elementor-element-ae19784{--padding-top:40px;--padding-bottom:40px;--padding-left:0px;--padding-right:0px;}.elementor-3196 .elementor-element.elementor-element-be071cc{text-align:center;}.elementor-3196 .elementor-element.elementor-element-be071cc .elementor-heading-title{font-size:24px;line-height:33px;}.elementor-3196 .elementor-element.elementor-element-239a471{--container-widget-width:1000px;--container-widget-flex-grow:0;width:var( --container-widget-width, 1000px );max-width:1000px;text-align:center;font-size:16px;}}<\/style>\t\t<div data-elementor-type=\"wp-page\" data-elementor-id=\"3196\" class=\"elementor elementor-3196\" data-elementor-post-type=\"page\">\n\t\t\t\t<div class=\"elementor-element elementor-element-ae19784 e-flex e-con-boxed e-con e-parent\" data-id=\"ae19784\" data-element_type=\"container\" data-settings=\"{&quot;background_background&quot;:&quot;classic&quot;}\">\n\t\t\t\t\t<div class=\"e-con-inner\">\n\t\t<div class=\"elementor-element elementor-element-cd2cc8d e-con-full e-flex e-con e-child\" data-id=\"cd2cc8d\" data-element_type=\"container\">\n\t\t<div class=\"elementor-element elementor-element-1089c6e e-con-full e-flex e-con e-child\" data-id=\"1089c6e\" data-element_type=\"container\">\n\t\t\t\t<div class=\"elementor-element elementor-element-be071cc elementor-widget__width-initial elementor-widget elementor-widget-heading\" data-id=\"be071cc\" data-element_type=\"widget\" data-settings=\"{&quot;ekit_we_effect_on&quot;:&quot;none&quot;}\" data-widget_type=\"heading.default\">\n\t\t\t\t\t<h2 class=\"elementor-heading-title elementor-size-default\">G\u00f6t \u00ed eyru<\/h2>\t\t\t\t<\/div>\n\t\t\t\t<div class=\"elementor-element elementor-element-239a471 elementor-widget__width-initial elementor-widget elementor-widget-text-editor\" data-id=\"239a471\" data-element_type=\"widget\" data-settings=\"{&quot;ekit_we_effect_on&quot;:&quot;none&quot;}\" data-widget_type=\"text-editor.default\">\n\t\t\t\t\t\t\t\t\t<p>Eyrnalokkum fr\u00e1 Inverness er skoti\u00f0 \u00ed eyru \u00far dau\u00f0hreinsu\u00f0um pakkningum og \u00fev\u00ed engin s\u00fdkingarh\u00e6tta. Lokkarnir eru \u00far h\u00e1g\u00e6\u00f0a t\u00edtan\u00edum, ry\u00f0fr\u00edu st\u00e1li, 24 karata gulli e\u00f0a 9 karata gulli. Aldurstakmark er 6 \u00e1ra.<\/p>\t\t\t\t\t\t\t\t<\/div>\n\t\t\t\t<div class=\"elementor-element elementor-element-3897ad4 elementor-mobile-align-center elementor-widget elementor-widget-button\" data-id=\"3897ad4\" data-element_type=\"widget\" data-settings=\"{&quot;ekit_we_effect_on&quot;:&quot;none&quot;}\" data-widget_type=\"button.default\">\n\t\t\t\t\t\t\t\t\t\t<a class=\"elementor-button elementor-button-link elementor-size-sm\" href=\"https:\/\/noona.is\/snyrtistofanrunir\">\n\t\t\t\t\t\t<span class=\"elementor-button-content-wrapper\">\n\t\t\t\t\t\t\t\t\t<span class=\"elementor-button-text\">B\u00f3ka t\u00edma<\/span>\n\t\t\t\t\t<\/span>\n\t\t\t\t\t<\/a>\n\t\t\t\t\t\t\t\t<\/div>\n\t\t\t\t<\/div>\n\t\t\t\t<\/div>\n\t\t\t\t<div class=\"elementor-element elementor-element-0afe6ea elementor-widget elementor-widget-image\" data-id=\"0afe6ea\" data-element_type=\"widget\" data-settings=\"{&quot;ekit_we_effect_on&quot;:&quot;none&quot;}\" data-widget_type=\"image.default\">\n\t\t\t\t\t\t\t\t\t\t\t\t\t\t\t<img fetchpriority=\"high\" decoding=\"async\" width=\"480\" height=\"343\" src=\"https:\/\/snyrtistofanrunir.is\/wp-content\/uploads\/2025\/09\/eyra-1.jpg\" class=\"attachment-large size-large wp-image-3335\" alt=\"\" srcset=\"https:\/\/snyrtistofanrunir.is\/wp-content\/uploads\/2025\/09\/eyra-1.jpg 480w, https:\/\/snyrtistofanrunir.is\/wp-content\/uploads\/2025\/09\/eyra-1-300x214.jpg 300w\" sizes=\"(max-width: 480px) 100vw, 480px\" \/>\t\t\t\t\t\t\t\t\t\t\t\t\t\t\t<\/div>\n\t\t\t\t\t<\/div>\n\t\t\t\t<\/div>\n\t\t\t\t<\/div>\n\t\t","protected":false},"excerpt":{"rendered":"<p>G\u00f6t \u00ed eyru Eyrnalokkum fr\u00e1 Inverness er skoti\u00f0 \u00ed eyru \u00far dau\u00f0hreinsu\u00f0um pakkningum og \u00fev\u00ed engin s\u00fdkingarh\u00e6tta. Lokkarnir eru \u00far [&hellip;]<\/p>\n","protected":false},"author":2,"featured_media":0,"parent":0,"menu_order":0,"comment_status":"closed","ping_status":"closed","template":"","meta":{"site-sidebar-layout":"no-sidebar","site-content-layout":"","ast-site-content-layout":"full-width-container","site-content-style":"default","site-sidebar-style":"default","ast-global-header-display":"","ast-banner-title-visibility":"","ast-main-header-display":"","ast-hfb-above-header-display":"","ast-hfb-below-header-display":"","ast-hfb-mobile-header-display":"","site-post-title":"","ast-breadcrumbs-content":"","ast-featured-img":"disabled","footer-sml-layout":"","theme-transparent-header-meta":"","adv-header-id-meta":"","stick-header-meta":"","header-above-stick-meta":"","header-main-stick-meta":"","header-below-stick-meta":"","astra-migrate-meta-layouts":"default","ast-page-background-enabled":"default","ast-page-background-meta":{"desktop":{"background-color":"var(--ast-global-color-5)","background-image":"","background-repeat":"repeat","background-position":"center center","background-size":"auto","background-attachment":"scroll","background-type":"","background-media":"","overlay-type":"","overlay-color":"","overlay-opacity":"","overlay-gradient":""},"tablet":{"background-color":"","background-image":"","background-repeat":"repeat","background-position":"center center","background-size":"auto","background-attachment":"scroll","background-type":"","background-media":"","overlay-type":"","overlay-color":"","overlay-opacity":"","overlay-gradient":""},"mobile":{"background-color":"","background-image":"","background-repeat":"repeat","background-position":"center center","background-size":"auto","background-attachment":"scroll","background-type":"","background-media":"","overlay-type":"","overlay-color":"","overlay-opacity":"","overlay-gradient":""}},"ast-content-background-meta":{"desktop":{"background-color":"var(--ast-global-color-4)","background-image":"","background-repeat":"repeat","background-position":"center center","background-size":"auto","background-attachment":"scroll","background-type":"","background-media":"","overlay-type":"","overlay-color":"","overlay-opacity":"","overlay-gradient":""},"tablet":{"background-color":"var(--ast-global-color-4)","background-image":"","background-repeat":"repeat","background-position":"center center","background-size":"auto","background-attachment":"scroll","background-type":"","background-media":"","overlay-type":"","overlay-color":"","overlay-opacity":"","overlay-gradient":""},"mobile":{"background-color":"var(--ast-global-color-4)","background-image":"","background-repeat":"repeat","background-position":"center center","background-size":"auto","background-attachment":"scroll","background-type":"","background-media":"","overlay-type":"","overlay-color":"","overlay-opacity":"","overlay-gradient":""}},"footnotes":""},"class_list":["post-3196","page","type-page","status-publish","hentry"],"_links":{"self":[{"href":"https:\/\/snyrtistofanrunir.is\/index.php?rest_route=\/wp\/v2\/pages\/3196","targetHints":{"allow":["GET"]}}],"collection":[{"href":"https:\/\/snyrtistofanrunir.is\/index.php?rest_route=\/wp\/v2\/pages"}],"about":[{"href":"https:\/\/snyrtistofanrunir.is\/index.php?rest_route=\/wp\/v2\/types\/page"}],"author":[{"embeddable":true,"href":"https:\/\/snyrtistofanrunir.is\/index.php?rest_route=\/wp\/v2\/users\/2"}],"replies":[{"embeddable":true,"href":"https:\/\/snyrtistofanrunir.is\/index.php?rest_route=%2Fwp%2Fv2%2Fcomments&post=3196"}],"version-history":[{"count":28,"href":"https:\/\/snyrtistofanrunir.is\/index.php?rest_route=\/wp\/v2\/pages\/3196\/revisions"}],"predecessor-version":[{"id":3590,"href":"https:\/\/snyrtistofanrunir.is\/index.php?rest_route=\/wp\/v2\/pages\/3196\/revisions\/3590"}],"wp:attachment":[{"href":"https:\/\/snyrtistofanrunir.is\/index.php?rest_route=%2Fwp%2Fv2%2Fmedia&parent=3196"}],"curies":[{"name":"wp","href":"https:\/\/api.w.org\/{rel}","templated":true}]}}