{"id":3155,"date":"2025-09-02T21:27:31","date_gmt":"2025-09-02T21:27:31","guid":{"rendered":"https:\/\/snyrtistofanrunir.is\/?page_id=3155"},"modified":"2025-09-07T14:33:17","modified_gmt":"2025-09-07T14:33:17","slug":"fotsnyrting","status":"publish","type":"page","link":"https:\/\/snyrtistofanrunir.is\/?page_id=3155","title":{"rendered":"F\u00f3tsnyrting\u200b"},"content":{"rendered":"<style>.elementor-3155 .elementor-element.elementor-element-6cf7e4f{--display:flex;--min-height:568px;--flex-direction:column;--container-widget-width:100%;--container-widget-height:initial;--container-widget-flex-grow:0;--container-widget-align-self:initial;--flex-wrap-mobile:wrap;--gap:0px 0px;--row-gap:0px;--column-gap:0px;--overflow:hidden;--overlay-opacity:0.61;--margin-top:0px;--margin-bottom:0px;--margin-left:0px;--margin-right:0px;--padding-top:120px;--padding-bottom:120px;--padding-left:10px;--padding-right:10px;overflow:visible;}.elementor-3155 .elementor-element.elementor-element-6cf7e4f:not(.elementor-motion-effects-element-type-background), .elementor-3155 .elementor-element.elementor-element-6cf7e4f > .elementor-motion-effects-container > .elementor-motion-effects-layer{background-image:url(\"https:\/\/snyrtistofanrunir.is\/wp-content\/uploads\/2025\/09\/pedicure-process-home-salon-pedicure-foot-care-treatment-nail-process-professional-pedicures-master-blue-gloves-make-pedicure-scaled.jpg\");background-position:center center;background-repeat:no-repeat;background-size:cover;}.elementor-3155 .elementor-element.elementor-element-6cf7e4f::before, .elementor-3155 .elementor-element.elementor-element-6cf7e4f > .elementor-background-video-container::before, .elementor-3155 .elementor-element.elementor-element-6cf7e4f > .e-con-inner > .elementor-background-video-container::before, .elementor-3155 .elementor-element.elementor-element-6cf7e4f > .elementor-background-slideshow::before, .elementor-3155 .elementor-element.elementor-element-6cf7e4f > .e-con-inner > .elementor-background-slideshow::before, .elementor-3155 .elementor-element.elementor-element-6cf7e4f > .elementor-motion-effects-container > .elementor-motion-effects-layer::before{background-color:#000000;--background-overlay:'';}.elementor-3155 .elementor-element.elementor-element-6cf7e4f.e-con{--flex-grow:0;--flex-shrink:0;}.elementor-3155 .elementor-element.elementor-element-3ff3bd6{--display:flex;--flex-direction:row;--container-widget-width:initial;--container-widget-height:100%;--container-widget-flex-grow:1;--container-widget-align-self:stretch;--flex-wrap-mobile:wrap;overflow:visible;}.elementor-3155 .elementor-element.elementor-element-b0cde15{--display:flex;--flex-direction:row;--container-widget-width:initial;--container-widget-height:100%;--container-widget-flex-grow:1;--container-widget-align-self:stretch;--flex-wrap-mobile:wrap;--margin-top:0px;--margin-bottom:0px;--margin-left:0px;--margin-right:0px;--padding-top:80px;--padding-bottom:80px;--padding-left:10px;--padding-right:10px;overflow:visible;}.elementor-3155 .elementor-element.elementor-element-b0cde15:not(.elementor-motion-effects-element-type-background), .elementor-3155 .elementor-element.elementor-element-b0cde15 > .elementor-motion-effects-container > .elementor-motion-effects-layer{background-color:#8080801C;}.elementor-3155 .elementor-element.elementor-element-b97fa1b{--display:flex;overflow:visible;}.elementor-3155 .elementor-element.elementor-element-e04883d{--display:flex;overflow:visible;}.elementor-3155 .elementor-element.elementor-element-596cfa0{width:var( --container-widget-width, 100% );max-width:100%;--container-widget-width:100%;--container-widget-flex-grow:0;}.elementor-3155 .elementor-element.elementor-element-596cfa0 .elementor-heading-title{font-family:\"Lato\", Sans-serif;font-size:32px;font-weight:600;line-height:32px;color:#161616;}.elementor-3155 .elementor-element.elementor-element-d4815cd{width:var( --container-widget-width, 80% );max-width:80%;--container-widget-width:80%;--container-widget-flex-grow:0;text-align:start;font-family:\"Lato\", Sans-serif;font-size:20px;font-weight:400;line-height:29px;color:#313131;}.elementor-3155 .elementor-element.elementor-element-d4815cd.elementor-element{--align-self:flex-start;}.elementor-3155 .elementor-element.elementor-element-e96c80c .elementor-button{background-color:var( --e-global-color-astglobalcolor6 );fill:var( --e-global-color-primary );color:var( --e-global-color-primary );border-style:solid;border-width:1px 1px 1px 1px;border-color:var( --e-global-color-secondary );padding:15px 40px 15px 40px;}.elementor-3155 .elementor-element.elementor-element-e96c80c .elementor-button:hover, .elementor-3155 .elementor-element.elementor-element-e96c80c .elementor-button:focus{background-color:#FFFFFF;color:#000000;border-color:#302B2B;}.elementor-3155 .elementor-element.elementor-element-e96c80c .elementor-button:hover svg, .elementor-3155 .elementor-element.elementor-element-e96c80c .elementor-button:focus svg{fill:#000000;}@media(max-width:1024px){.elementor-3155 .elementor-element.elementor-element-6cf7e4f{--flex-direction:column;--container-widget-width:100%;--container-widget-height:initial;--container-widget-flex-grow:0;--container-widget-align-self:initial;--flex-wrap-mobile:wrap;--flex-wrap:wrap;}.elementor-3155 .elementor-element.elementor-element-3ff3bd6{--flex-wrap:wrap;}.elementor-3155 .elementor-element.elementor-element-b0cde15{--flex-wrap:wrap;--padding-top:60px;--padding-bottom:60px;--padding-left:0px;--padding-right:0px;}.elementor-3155 .elementor-element.elementor-element-b97fa1b{--flex-wrap:wrap;}.elementor-3155 .elementor-element.elementor-element-d4815cd{--container-widget-width:1000px;--container-widget-flex-grow:0;width:var( --container-widget-width, 1000px );max-width:1000px;}}@media(max-width:767px){.elementor-3155 .elementor-element.elementor-element-b0cde15{--padding-top:40px;--padding-bottom:40px;--padding-left:0px;--padding-right:0px;}.elementor-3155 .elementor-element.elementor-element-596cfa0{text-align:center;}.elementor-3155 .elementor-element.elementor-element-d4815cd{text-align:center;}}<\/style>\t\t<div data-elementor-type=\"wp-page\" data-elementor-id=\"3155\" class=\"elementor elementor-3155\" data-elementor-post-type=\"page\">\n\t\t\t\t<div class=\"elementor-element elementor-element-6cf7e4f e-con-full e-flex e-con e-parent\" data-id=\"6cf7e4f\" data-element_type=\"container\" data-settings=\"{&quot;background_background&quot;:&quot;classic&quot;}\">\n\t\t<div class=\"elementor-element elementor-element-3ff3bd6 e-con-full e-flex e-con e-child\" data-id=\"3ff3bd6\" data-element_type=\"container\">\n\t\t\t\t<\/div>\n\t\t\t\t<\/div>\n\t\t<div class=\"elementor-element elementor-element-b0cde15 e-flex e-con-boxed e-con e-parent\" data-id=\"b0cde15\" data-element_type=\"container\" data-settings=\"{&quot;background_background&quot;:&quot;classic&quot;}\">\n\t\t\t\t\t<div class=\"e-con-inner\">\n\t\t<div class=\"elementor-element elementor-element-b97fa1b e-con-full e-flex e-con e-child\" data-id=\"b97fa1b\" data-element_type=\"container\">\n\t\t<div class=\"elementor-element elementor-element-e04883d e-con-full e-flex e-con e-child\" data-id=\"e04883d\" data-element_type=\"container\">\n\t\t\t\t<div class=\"elementor-element elementor-element-596cfa0 elementor-widget__width-initial elementor-widget elementor-widget-heading\" data-id=\"596cfa0\" data-element_type=\"widget\" data-settings=\"{&quot;ekit_we_effect_on&quot;:&quot;none&quot;}\" data-widget_type=\"heading.default\">\n\t\t\t\t\t<h2 class=\"elementor-heading-title elementor-size-default\">F\u00f3tsnyrting<\/h2>\t\t\t\t<\/div>\n\t\t\t\t<div class=\"elementor-element elementor-element-d4815cd elementor-widget__width-initial elementor-widget elementor-widget-text-editor\" data-id=\"d4815cd\" data-element_type=\"widget\" data-settings=\"{&quot;ekit_we_effect_on&quot;:&quot;none&quot;}\" data-widget_type=\"text-editor.default\">\n\t\t\t\t\t\t\t\t\t<p>L\u00faxus f\u00f3tsnyrting \u00fear sem sigg er fjarl\u00e6gt, neglur og naglab\u00f6nd snyrt. Me\u00f0fer\u00f0in inniheldur einnig f\u00f3taskr\u00fabb, f\u00f3tamaska og nudd \u00e1 f\u00e6tur. H\u00e6gt er a\u00f0 b\u00e6ta vi\u00f0 l\u00f6kkun e\u00f0a gell\u00f6kkun. <br \/><br \/>ATH. Vegna hreinl\u00e6tis \u00fe\u00e1 \u00feurfa vi\u00f0skiptavinir a\u00f0 koma me\u00f0 sitt eigi\u00f0 naglalakk e\u00f0a keypt naglalakk hj\u00e1 okkur fr\u00e1 Nailberry me\u00f0 10% afsl\u00e6tti.<\/p>\t\t\t\t\t\t\t\t<\/div>\n\t\t\t\t<div class=\"elementor-element elementor-element-e96c80c elementor-widget elementor-widget-button\" data-id=\"e96c80c\" data-element_type=\"widget\" data-settings=\"{&quot;ekit_we_effect_on&quot;:&quot;none&quot;}\" data-widget_type=\"button.default\">\n\t\t\t\t\t\t\t\t\t\t<a class=\"elementor-button elementor-button-link elementor-size-sm\" href=\"https:\/\/noona.is\/snyrtistofanrunir\">\n\t\t\t\t\t\t<span class=\"elementor-button-content-wrapper\">\n\t\t\t\t\t\t\t\t\t<span class=\"elementor-button-text\">B\u00f3ka t\u00edma<\/span>\n\t\t\t\t\t<\/span>\n\t\t\t\t\t<\/a>\n\t\t\t\t\t\t\t\t<\/div>\n\t\t\t\t<\/div>\n\t\t\t\t<\/div>\n\t\t\t\t\t<\/div>\n\t\t\t\t<\/div>\n\t\t\t\t<\/div>\n\t\t","protected":false},"excerpt":{"rendered":"<p>F\u00f3tsnyrting L\u00faxus f\u00f3tsnyrting \u00fear sem sigg er fjarl\u00e6gt, neglur og naglab\u00f6nd snyrt. Me\u00f0fer\u00f0in inniheldur einnig f\u00f3taskr\u00fabb, f\u00f3tamaska og nudd \u00e1 [&hellip;]<\/p>\n","protected":false},"author":2,"featured_media":0,"parent":0,"menu_order":0,"comment_status":"closed","ping_status":"closed","template":"","meta":{"site-sidebar-layout":"no-sidebar","site-content-layout":"","ast-site-content-layout":"full-width-container","site-content-style":"default","site-sidebar-style":"default","ast-global-header-display":"","ast-banner-title-visibility":"","ast-main-header-display":"","ast-hfb-above-header-display":"","ast-hfb-below-header-display":"","ast-hfb-mobile-header-display":"","site-post-title":"","ast-breadcrumbs-content":"","ast-featured-img":"disabled","footer-sml-layout":"","theme-transparent-header-meta":"","adv-header-id-meta":"","stick-header-meta":"","header-above-stick-meta":"","header-main-stick-meta":"","header-below-stick-meta":"","astra-migrate-meta-layouts":"default","ast-page-background-enabled":"default","ast-page-background-meta":{"desktop":{"background-color":"var(--ast-global-color-5)","background-image":"","background-repeat":"repeat","background-position":"center center","background-size":"auto","background-attachment":"scroll","background-type":"","background-media":"","overlay-type":"","overlay-color":"","overlay-opacity":"","overlay-gradient":""},"tablet":{"background-color":"","background-image":"","background-repeat":"repeat","background-position":"center center","background-size":"auto","background-attachment":"scroll","background-type":"","background-media":"","overlay-type":"","overlay-color":"","overlay-opacity":"","overlay-gradient":""},"mobile":{"background-color":"","background-image":"","background-repeat":"repeat","background-position":"center center","background-size":"auto","background-attachment":"scroll","background-type":"","background-media":"","overlay-type":"","overlay-color":"","overlay-opacity":"","overlay-gradient":""}},"ast-content-background-meta":{"desktop":{"background-color":"var(--ast-global-color-4)","background-image":"","background-repeat":"repeat","background-position":"center center","background-size":"auto","background-attachment":"scroll","background-type":"","background-media":"","overlay-type":"","overlay-color":"","overlay-opacity":"","overlay-gradient":""},"tablet":{"background-color":"var(--ast-global-color-4)","background-image":"","background-repeat":"repeat","background-position":"center center","background-size":"auto","background-attachment":"scroll","background-type":"","background-media":"","overlay-type":"","overlay-color":"","overlay-opacity":"","overlay-gradient":""},"mobile":{"background-color":"var(--ast-global-color-4)","background-image":"","background-repeat":"repeat","background-position":"center center","background-size":"auto","background-attachment":"scroll","background-type":"","background-media":"","overlay-type":"","overlay-color":"","overlay-opacity":"","overlay-gradient":""}},"footnotes":""},"class_list":["post-3155","page","type-page","status-publish","hentry"],"_links":{"self":[{"href":"https:\/\/snyrtistofanrunir.is\/index.php?rest_route=\/wp\/v2\/pages\/3155","targetHints":{"allow":["GET"]}}],"collection":[{"href":"https:\/\/snyrtistofanrunir.is\/index.php?rest_route=\/wp\/v2\/pages"}],"about":[{"href":"https:\/\/snyrtistofanrunir.is\/index.php?rest_route=\/wp\/v2\/types\/page"}],"author":[{"embeddable":true,"href":"https:\/\/snyrtistofanrunir.is\/index.php?rest_route=\/wp\/v2\/users\/2"}],"replies":[{"embeddable":true,"href":"https:\/\/snyrtistofanrunir.is\/index.php?rest_route=%2Fwp%2Fv2%2Fcomments&post=3155"}],"version-history":[{"count":28,"href":"https:\/\/snyrtistofanrunir.is\/index.php?rest_route=\/wp\/v2\/pages\/3155\/revisions"}],"predecessor-version":[{"id":3455,"href":"https:\/\/snyrtistofanrunir.is\/index.php?rest_route=\/wp\/v2\/pages\/3155\/revisions\/3455"}],"wp:attachment":[{"href":"https:\/\/snyrtistofanrunir.is\/index.php?rest_route=%2Fwp%2Fv2%2Fmedia&parent=3155"}],"curies":[{"name":"wp","href":"https:\/\/api.w.org\/{rel}","templated":true}]}}