{"id":2825,"date":"2025-08-27T17:13:22","date_gmt":"2025-08-27T17:13:22","guid":{"rendered":"https:\/\/snyrtistofanrunir.is\/?page_id=2825"},"modified":"2025-09-07T14:12:04","modified_gmt":"2025-09-07T14:12:04","slug":"microblade","status":"publish","type":"page","link":"https:\/\/snyrtistofanrunir.is\/?page_id=2825","title":{"rendered":"Microblade"},"content":{"rendered":"<style>.elementor-2825 .elementor-element.elementor-element-02da22b{--display:flex;--flex-direction:column;--container-widget-width:100%;--container-widget-height:initial;--container-widget-flex-grow:0;--container-widget-align-self:initial;--flex-wrap-mobile:wrap;--margin-top:0px;--margin-bottom:0px;--margin-left:0px;--margin-right:0px;--padding-top:80px;--padding-bottom:80px;--padding-left:10px;--padding-right:10px;overflow:visible;}.elementor-2825 .elementor-element.elementor-element-37b2388{--display:flex;--flex-direction:row;--container-widget-width:initial;--container-widget-height:100%;--container-widget-flex-grow:1;--container-widget-align-self:stretch;--flex-wrap-mobile:wrap;overflow:visible;}.elementor-2825 .elementor-element.elementor-element-dee725d{--display:flex;overflow:visible;}.elementor-2825 .elementor-element.elementor-element-cf3d524{width:var( --container-widget-width, 93% );max-width:93%;--container-widget-width:93%;--container-widget-flex-grow:0;}.elementor-2825 .elementor-element.elementor-element-cf3d524:hover{--e-transform-scale:1.02;}.elementor-2825 .elementor-element.elementor-element-cf3d524.elementor-element{--align-self:center;}.elementor-2825 .elementor-element.elementor-element-cf3d524 img{width:97%;border-radius:40px 40px 40px 40px;}.elementor-2825 .elementor-element.elementor-element-5b421a9{--display:flex;--padding-top:0px;--padding-bottom:0px;--padding-left:30px;--padding-right:0px;overflow:visible;}.elementor-2825 .elementor-element.elementor-element-789d23d{width:var( --container-widget-width, 100% );max-width:100%;--container-widget-width:100%;--container-widget-flex-grow:0;}.elementor-2825 .elementor-element.elementor-element-789d23d .elementor-heading-title{font-family:\"Lato\", Sans-serif;font-size:32px;font-weight:600;line-height:32px;}.elementor-2825 .elementor-element.elementor-element-94aee76{width:var( --container-widget-width, 75% );max-width:75%;--container-widget-width:75%;--container-widget-flex-grow:0;text-align:start;font-family:\"Lato\", Sans-serif;font-size:20px;font-weight:400;line-height:29px;color:#313131;}.elementor-2825 .elementor-element.elementor-element-94aee76.elementor-element{--align-self:flex-start;}.elementor-2825 .elementor-element.elementor-element-d8fba26 .elementor-button{background-color:var( --e-global-color-secondary );border-style:solid;border-width:1px 1px 1px 1px;border-color:var( --e-global-color-secondary );padding:15px 40px 15px 40px;}.elementor-2825 .elementor-element.elementor-element-d8fba26 .elementor-button:hover, .elementor-2825 .elementor-element.elementor-element-d8fba26 .elementor-button:focus{background-color:#FFFFFF;color:#000000;}.elementor-2825 .elementor-element.elementor-element-d8fba26 .elementor-button:hover svg, .elementor-2825 .elementor-element.elementor-element-d8fba26 .elementor-button:focus svg{fill:#000000;}@media(max-width:1024px){.elementor-2825 .elementor-element.elementor-element-02da22b{--padding-top:60px;--padding-bottom:0px;--padding-left:0px;--padding-right:0px;}.elementor-2825 .elementor-element.elementor-element-37b2388{--flex-wrap:wrap;}.elementor-2825 .elementor-element.elementor-element-94aee76{--container-widget-width:1000px;--container-widget-flex-grow:0;width:var( --container-widget-width, 1000px );max-width:1000px;}}@media(max-width:767px){.elementor-2825 .elementor-element.elementor-element-02da22b{--padding-top:40px;--padding-bottom:0px;--padding-left:0px;--padding-right:0px;}.elementor-2825 .elementor-element.elementor-element-5b421a9{--padding-top:0px;--padding-bottom:0px;--padding-left:0px;--padding-right:0px;}.elementor-2825 .elementor-element.elementor-element-789d23d{text-align:center;}.elementor-2825 .elementor-element.elementor-element-94aee76{--container-widget-width:1000px;--container-widget-flex-grow:0;width:var( --container-widget-width, 1000px );max-width:1000px;}}<\/style>\t\t<div data-elementor-type=\"wp-page\" data-elementor-id=\"2825\" class=\"elementor elementor-2825\" data-elementor-post-type=\"page\">\n\t\t\t\t<div class=\"elementor-element elementor-element-02da22b e-flex e-con-boxed e-con e-parent\" data-id=\"02da22b\" data-element_type=\"container\">\n\t\t\t\t\t<div class=\"e-con-inner\">\n\t\t<div class=\"elementor-element elementor-element-37b2388 e-con-full e-flex e-con e-child\" data-id=\"37b2388\" data-element_type=\"container\">\n\t\t<div class=\"elementor-element elementor-element-dee725d e-con-full e-flex e-con e-child\" data-id=\"dee725d\" data-element_type=\"container\">\n\t\t\t\t<div class=\"elementor-element elementor-element-cf3d524 elementor-widget__width-initial e-transform e-transform elementor-widget elementor-widget-image\" data-id=\"cf3d524\" data-element_type=\"widget\" data-settings=\"{&quot;_transform_scale_effect_hover&quot;:{&quot;unit&quot;:&quot;px&quot;,&quot;size&quot;:1.02,&quot;sizes&quot;:[]},&quot;ekit_we_effect_on&quot;:&quot;none&quot;,&quot;_transform_scale_effect&quot;:{&quot;unit&quot;:&quot;px&quot;,&quot;size&quot;:&quot;&quot;,&quot;sizes&quot;:[]},&quot;_transform_scale_effect_tablet&quot;:{&quot;unit&quot;:&quot;px&quot;,&quot;size&quot;:&quot;&quot;,&quot;sizes&quot;:[]},&quot;_transform_scale_effect_mobile&quot;:{&quot;unit&quot;:&quot;px&quot;,&quot;size&quot;:&quot;&quot;,&quot;sizes&quot;:[]},&quot;_transform_scale_effect_hover_tablet&quot;:{&quot;unit&quot;:&quot;px&quot;,&quot;size&quot;:&quot;&quot;,&quot;sizes&quot;:[]},&quot;_transform_scale_effect_hover_mobile&quot;:{&quot;unit&quot;:&quot;px&quot;,&quot;size&quot;:&quot;&quot;,&quot;sizes&quot;:[]}}\" data-widget_type=\"image.default\">\n\t\t\t\t\t\t\t\t\t\t\t\t\t\t\t<img fetchpriority=\"high\" decoding=\"async\" width=\"500\" height=\"500\" src=\"https:\/\/snyrtistofanrunir.is\/wp-content\/uploads\/2025\/09\/Microblade.jpeg\" class=\"attachment-full size-full wp-image-3232\" alt=\"\" srcset=\"https:\/\/snyrtistofanrunir.is\/wp-content\/uploads\/2025\/09\/Microblade.jpeg 500w, https:\/\/snyrtistofanrunir.is\/wp-content\/uploads\/2025\/09\/Microblade-300x300.jpeg 300w, https:\/\/snyrtistofanrunir.is\/wp-content\/uploads\/2025\/09\/Microblade-150x150.jpeg 150w, https:\/\/snyrtistofanrunir.is\/wp-content\/uploads\/2025\/09\/Microblade-100x100.jpeg 100w\" sizes=\"(max-width: 500px) 100vw, 500px\" \/>\t\t\t\t\t\t\t\t\t\t\t\t\t\t\t<\/div>\n\t\t\t\t<\/div>\n\t\t<div class=\"elementor-element elementor-element-5b421a9 e-con-full e-flex e-con e-child\" data-id=\"5b421a9\" data-element_type=\"container\">\n\t\t\t\t<div class=\"elementor-element elementor-element-789d23d elementor-widget__width-initial elementor-widget elementor-widget-heading\" data-id=\"789d23d\" data-element_type=\"widget\" data-settings=\"{&quot;ekit_we_effect_on&quot;:&quot;none&quot;}\" data-widget_type=\"heading.default\">\n\t\t\t\t\t<h2 class=\"elementor-heading-title elementor-size-default\">Microblade\n<\/h2>\t\t\t\t<\/div>\n\t\t\t\t<div class=\"elementor-element elementor-element-94aee76 elementor-widget__width-initial elementor-widget elementor-widget-text-editor\" data-id=\"94aee76\" data-element_type=\"widget\" data-settings=\"{&quot;ekit_we_effect_on&quot;:&quot;none&quot;}\" data-widget_type=\"text-editor.default\">\n\t\t\t\t\t\t\t\t\t<p><span style=\"font-weight: 400;\">Microblade e\u00f0a varanleg f\u00f6r\u00f0un er tatoo \u00fear sem nota\u00f0ur er \u201ehn\u00edfur\u201c me\u00f0 \u00f6rf\u00ednum n\u00e1lum til \u00feess a\u00f0 koma lit r\u00e9tt undir h\u00fa\u00f0 og me\u00f0 \u00fev\u00ed b\u00faum vi\u00f0 til n\u00e1tt\u00farulegar og fallegar strokur \u00ed augabr\u00fanir sem l\u00edkjast h\u00e1rum.<br \/><\/span><span style=\"font-weight: 400;\"><br \/><\/span><i><span style=\"font-weight: 400;\">Athugi\u00f0!<\/span><\/i><span style=\"font-weight: 400;\"> Ef \u00fe\u00fa ert me\u00f0 eldra tattoo, haf\u00f0u fyrst samband vi\u00f0 okkur fyrir frekari uppl\u00fdsingar.<br \/><br \/><\/span><\/p><p><span style=\"font-weight: 400;\">Snyrtistofan R\u00fanir er vottu\u00f0 af Heilbrig\u00f0iseftirlitinu og Landl\u00e6kni.<\/span><\/p>\t\t\t\t\t\t\t\t<\/div>\n\t\t\t\t<div class=\"elementor-element elementor-element-d8fba26 elementor-mobile-align-center elementor-widget elementor-widget-button\" data-id=\"d8fba26\" data-element_type=\"widget\" data-settings=\"{&quot;ekit_we_effect_on&quot;:&quot;none&quot;}\" data-widget_type=\"button.default\">\n\t\t\t\t\t\t\t\t\t\t<a class=\"elementor-button elementor-button-link elementor-size-sm\" href=\"https:\/\/noona.is\/snyrtistofanrunir\">\n\t\t\t\t\t\t<span class=\"elementor-button-content-wrapper\">\n\t\t\t\t\t\t\t\t\t<span class=\"elementor-button-text\">B\u00f3ka t\u00edma<\/span>\n\t\t\t\t\t<\/span>\n\t\t\t\t\t<\/a>\n\t\t\t\t\t\t\t\t<\/div>\n\t\t\t\t<\/div>\n\t\t\t\t<\/div>\n\t\t\t\t\t<\/div>\n\t\t\t\t<\/div>\n\t\t\t\t<\/div>\n\t\t","protected":false},"excerpt":{"rendered":"<p>Microblade Microblade e\u00f0a varanleg f\u00f6r\u00f0un er tatoo \u00fear sem nota\u00f0ur er \u201ehn\u00edfur\u201c me\u00f0 \u00f6rf\u00ednum n\u00e1lum til \u00feess a\u00f0 koma lit [&hellip;]<\/p>\n","protected":false},"author":2,"featured_media":0,"parent":0,"menu_order":0,"comment_status":"closed","ping_status":"closed","template":"","meta":{"site-sidebar-layout":"no-sidebar","site-content-layout":"","ast-site-content-layout":"full-width-container","site-content-style":"default","site-sidebar-style":"default","ast-global-header-display":"","ast-banner-title-visibility":"","ast-main-header-display":"","ast-hfb-above-header-display":"","ast-hfb-below-header-display":"","ast-hfb-mobile-header-display":"","site-post-title":"","ast-breadcrumbs-content":"","ast-featured-img":"disabled","footer-sml-layout":"","theme-transparent-header-meta":"","adv-header-id-meta":"","stick-header-meta":"","header-above-stick-meta":"","header-main-stick-meta":"","header-below-stick-meta":"","astra-migrate-meta-layouts":"default","ast-page-background-enabled":"default","ast-page-background-meta":{"desktop":{"background-color":"var(--ast-global-color-5)","background-image":"","background-repeat":"repeat","background-position":"center center","background-size":"auto","background-attachment":"scroll","background-type":"","background-media":"","overlay-type":"","overlay-color":"","overlay-opacity":"","overlay-gradient":""},"tablet":{"background-color":"","background-image":"","background-repeat":"repeat","background-position":"center center","background-size":"auto","background-attachment":"scroll","background-type":"","background-media":"","overlay-type":"","overlay-color":"","overlay-opacity":"","overlay-gradient":""},"mobile":{"background-color":"","background-image":"","background-repeat":"repeat","background-position":"center center","background-size":"auto","background-attachment":"scroll","background-type":"","background-media":"","overlay-type":"","overlay-color":"","overlay-opacity":"","overlay-gradient":""}},"ast-content-background-meta":{"desktop":{"background-color":"var(--ast-global-color-4)","background-image":"","background-repeat":"repeat","background-position":"center center","background-size":"auto","background-attachment":"scroll","background-type":"","background-media":"","overlay-type":"","overlay-color":"","overlay-opacity":"","overlay-gradient":""},"tablet":{"background-color":"var(--ast-global-color-4)","background-image":"","background-repeat":"repeat","background-position":"center center","background-size":"auto","background-attachment":"scroll","background-type":"","background-media":"","overlay-type":"","overlay-color":"","overlay-opacity":"","overlay-gradient":""},"mobile":{"background-color":"var(--ast-global-color-4)","background-image":"","background-repeat":"repeat","background-position":"center center","background-size":"auto","background-attachment":"scroll","background-type":"","background-media":"","overlay-type":"","overlay-color":"","overlay-opacity":"","overlay-gradient":""}},"footnotes":""},"class_list":["post-2825","page","type-page","status-publish","hentry"],"_links":{"self":[{"href":"https:\/\/snyrtistofanrunir.is\/index.php?rest_route=\/wp\/v2\/pages\/2825","targetHints":{"allow":["GET"]}}],"collection":[{"href":"https:\/\/snyrtistofanrunir.is\/index.php?rest_route=\/wp\/v2\/pages"}],"about":[{"href":"https:\/\/snyrtistofanrunir.is\/index.php?rest_route=\/wp\/v2\/types\/page"}],"author":[{"embeddable":true,"href":"https:\/\/snyrtistofanrunir.is\/index.php?rest_route=\/wp\/v2\/users\/2"}],"replies":[{"embeddable":true,"href":"https:\/\/snyrtistofanrunir.is\/index.php?rest_route=%2Fwp%2Fv2%2Fcomments&post=2825"}],"version-history":[{"count":37,"href":"https:\/\/snyrtistofanrunir.is\/index.php?rest_route=\/wp\/v2\/pages\/2825\/revisions"}],"predecessor-version":[{"id":3431,"href":"https:\/\/snyrtistofanrunir.is\/index.php?rest_route=\/wp\/v2\/pages\/2825\/revisions\/3431"}],"wp:attachment":[{"href":"https:\/\/snyrtistofanrunir.is\/index.php?rest_route=%2Fwp%2Fv2%2Fmedia&parent=2825"}],"curies":[{"name":"wp","href":"https:\/\/api.w.org\/{rel}","templated":true}]}}