{"id":2489,"date":"2025-08-25T21:30:53","date_gmt":"2025-08-25T21:30:53","guid":{"rendered":"https:\/\/snyrtistofanrunir.is\/?page_id=2489"},"modified":"2025-09-25T20:41:46","modified_gmt":"2025-09-25T20:41:46","slug":"dekurpakkar-2","status":"publish","type":"page","link":"https:\/\/snyrtistofanrunir.is\/?page_id=2489","title":{"rendered":"Dekurpakkar"},"content":{"rendered":"<style>.elementor-2489 .elementor-element.elementor-element-206786c{--display:flex;--flex-direction:column;--container-widget-width:100%;--container-widget-height:initial;--container-widget-flex-grow:0;--container-widget-align-self:initial;--flex-wrap-mobile:wrap;--margin-top:0px;--margin-bottom:0px;--margin-left:0px;--margin-right:0px;--padding-top:60px;--padding-bottom:60px;--padding-left:10px;--padding-right:10px;overflow:visible;}.elementor-2489 .elementor-element.elementor-element-1b92a17{--display:flex;--flex-direction:row;--container-widget-width:initial;--container-widget-height:100%;--container-widget-flex-grow:1;--container-widget-align-self:stretch;--flex-wrap-mobile:wrap;overflow:visible;}.elementor-2489 .elementor-element.elementor-element-a3d3a67{--display:flex;--gap:0px 0px;--row-gap:0px;--column-gap:0px;overflow:visible;}.elementor-2489 .elementor-element.elementor-element-8662b3d img{border-radius:40px 40px 40px 40px;}.elementor-2489 .elementor-element.elementor-element-4363cfd{--display:flex;overflow:visible;}.elementor-2489 .elementor-element.elementor-element-a9103dc{width:var( --container-widget-width, 100% );max-width:100%;--container-widget-width:100%;--container-widget-flex-grow:0;}.elementor-2489 .elementor-element.elementor-element-a9103dc .elementor-heading-title{font-family:\"Lato\", Sans-serif;font-size:32px;font-weight:600;line-height:32px;}.elementor-2489 .elementor-element.elementor-element-8fea6ac{width:var( --container-widget-width, 100% );max-width:100%;--container-widget-width:100%;--container-widget-flex-grow:0;text-align:start;font-family:\"Lato\", Sans-serif;font-size:20px;font-weight:300;line-height:29px;color:#313131;}.elementor-2489 .elementor-element.elementor-element-8fea6ac.elementor-element{--align-self:flex-start;}.elementor-2489 .elementor-element.elementor-element-049c978 .elementor-button{background-color:var( --e-global-color-secondary );fill:var( --e-global-color-primary );color:var( --e-global-color-primary );border-style:solid;border-width:1px 1px 1px 1px;border-color:var( --e-global-color-secondary );padding:15px 40px 15px 40px;}.elementor-2489 .elementor-element.elementor-element-049c978 .elementor-button:hover, .elementor-2489 .elementor-element.elementor-element-049c978 .elementor-button:focus{background-color:#FFFFFF;color:#141414;border-color:var( --e-global-color-secondary );}.elementor-2489 .elementor-element.elementor-element-049c978 .elementor-button:hover svg, .elementor-2489 .elementor-element.elementor-element-049c978 .elementor-button:focus svg{fill:#141414;}@media(max-width:1024px){.elementor-2489 .elementor-element.elementor-element-1b92a17{--flex-wrap:wrap;}}@media(max-width:767px){.elementor-2489 .elementor-element.elementor-element-a9103dc .elementor-heading-title{font-size:32px;line-height:26px;}}<\/style>\t\t<div data-elementor-type=\"wp-page\" data-elementor-id=\"2489\" class=\"elementor elementor-2489\" data-elementor-post-type=\"page\">\n\t\t\t\t<div class=\"elementor-element elementor-element-206786c e-flex e-con-boxed e-con e-parent\" data-id=\"206786c\" data-element_type=\"container\">\n\t\t\t\t\t<div class=\"e-con-inner\">\n\t\t<div class=\"elementor-element elementor-element-1b92a17 e-con-full e-flex e-con e-child\" data-id=\"1b92a17\" data-element_type=\"container\">\n\t\t<div class=\"elementor-element elementor-element-a3d3a67 e-con-full e-flex e-con e-child\" data-id=\"a3d3a67\" data-element_type=\"container\">\n\t\t\t\t<div class=\"elementor-element elementor-element-8662b3d elementor-widget elementor-widget-image\" data-id=\"8662b3d\" data-element_type=\"widget\" data-settings=\"{&quot;ekit_we_effect_on&quot;:&quot;none&quot;}\" data-widget_type=\"image.default\">\n\t\t\t\t\t\t\t\t\t\t\t\t\t\t\t<img fetchpriority=\"high\" decoding=\"async\" width=\"500\" height=\"500\" src=\"https:\/\/snyrtistofanrunir.is\/wp-content\/uploads\/2025\/09\/dekur.jpeg\" class=\"attachment-large size-large wp-image-3416\" alt=\"\" srcset=\"https:\/\/snyrtistofanrunir.is\/wp-content\/uploads\/2025\/09\/dekur.jpeg 500w, https:\/\/snyrtistofanrunir.is\/wp-content\/uploads\/2025\/09\/dekur-300x300.jpeg 300w, https:\/\/snyrtistofanrunir.is\/wp-content\/uploads\/2025\/09\/dekur-150x150.jpeg 150w, https:\/\/snyrtistofanrunir.is\/wp-content\/uploads\/2025\/09\/dekur-100x100.jpeg 100w\" sizes=\"(max-width: 500px) 100vw, 500px\" \/>\t\t\t\t\t\t\t\t\t\t\t\t\t\t\t<\/div>\n\t\t\t\t<\/div>\n\t\t<div class=\"elementor-element elementor-element-4363cfd e-con-full e-flex e-con e-child\" data-id=\"4363cfd\" data-element_type=\"container\">\n\t\t\t\t<div class=\"elementor-element elementor-element-a9103dc elementor-widget__width-initial elementor-widget elementor-widget-heading\" data-id=\"a9103dc\" data-element_type=\"widget\" data-settings=\"{&quot;ekit_we_effect_on&quot;:&quot;none&quot;}\" data-widget_type=\"heading.default\">\n\t\t\t\t\t<h2 class=\"elementor-heading-title elementor-size-default\">                        \n<\/h2>\t\t\t\t<\/div>\n\t\t\t\t<div class=\"elementor-element elementor-element-8fea6ac elementor-widget__width-initial elementor-widget elementor-widget-text-editor\" data-id=\"8fea6ac\" data-element_type=\"widget\" data-settings=\"{&quot;ekit_we_effect_on&quot;:&quot;none&quot;}\" data-widget_type=\"text-editor.default\">\n\t\t\t\t\t\t\t\t\t<ul><li style=\"font-weight: 400;\" aria-level=\"1\"><strong>Demantspakki<\/strong><span style=\"font-weight: 400;\"><br \/><\/span><span style=\"font-weight: 400;\">L\u00faxus s\u00e9rme\u00f0fer\u00f0 fr\u00e1 Academie me\u00f0 f\u00f3tsnyrtingu.<\/span><span style=\"font-weight: 400;\"><br \/><\/span><span style=\"font-weight: 400;\"><span style=\"font-weight: 400;\">75 m\u00edn\u00fatna andlitsba\u00f0 me\u00f0 litun og plokkun \u00e1samt l\u00faxus f\u00f3tsnyrtingu me\u00f0 skr\u00fabb, f\u00f3tamaska og f\u00f3tanuddi.<br \/><br \/><\/span><\/span><\/li><li style=\"font-weight: 400;\" aria-level=\"1\"><strong>Drottningarpakki<\/strong><span style=\"font-weight: 400;\"><br \/><\/span><span style=\"font-weight: 400;\"><span style=\"font-weight: 400;\">L\u00faxus f\u00f3tsnyrting me\u00f0 skr\u00fabb, f\u00f3tamaska og f\u00f3tanuddi \u00e1samt litun og plokkun me\u00f0 paraff\u00ednmaska \u00e1 hendur og handanuddi.<br \/><br \/><\/span><\/span><\/li><li style=\"font-weight: 400;\" aria-level=\"1\"><strong>Lj\u00f3mapakki\u00a0<\/strong><span style=\"font-weight: 400;\"><br \/><\/span><span style=\"font-weight: 400;\"><span style=\"font-weight: 400;\">Augnme\u00f0fer\u00f0 sem vinnur \u00e1 hrukkum og l\u00ednum \u00e1 augnsv\u00e6\u00f0i og \u00fereytu merkjum og \u00ferota. Me\u00f0fer\u00f0 sem skilur h\u00fa\u00f0ina eftir silkimj\u00faka. Inniheldur einnig litun og plokkun.<br \/><br \/><\/span><\/span><\/li><li style=\"font-weight: 400;\" aria-level=\"1\"><strong>Dekur fyrir hann<\/strong><span style=\"font-weight: 400;\"><br \/><\/span><span style=\"font-weight: 400;\">60 m\u00edn\u00fatna andlitsba\u00f0 e\u00f0a h\u00fa\u00f0hreinsun \u00e1samt l\u00faxus f\u00f3tsnyrtingu me\u00f0 skr\u00fabb, f\u00f3tamaska og f\u00f3tanuddi.<\/span><\/li><\/ul><p><i><span style=\"font-weight: 400;\">Athugi\u00f0 a\u00f0 ekki er h\u00e6gt a\u00f0 skipta n\u00e9 breyta dekurp\u00f6kkum.<\/span><\/i><\/p>\t\t\t\t\t\t\t\t<\/div>\n\t\t\t\t<div class=\"elementor-element elementor-element-049c978 elementor-widget elementor-widget-button\" data-id=\"049c978\" data-element_type=\"widget\" data-settings=\"{&quot;ekit_we_effect_on&quot;:&quot;none&quot;}\" data-widget_type=\"button.default\">\n\t\t\t\t\t\t\t\t\t\t<a class=\"elementor-button elementor-button-link elementor-size-sm\" href=\"https:\/\/noona.is\/snyrtistofanrunir\">\n\t\t\t\t\t\t<span class=\"elementor-button-content-wrapper\">\n\t\t\t\t\t\t\t\t\t<span class=\"elementor-button-text\">B\u00f3ka t\u00edma<\/span>\n\t\t\t\t\t<\/span>\n\t\t\t\t\t<\/a>\n\t\t\t\t\t\t\t\t<\/div>\n\t\t\t\t<\/div>\n\t\t\t\t<\/div>\n\t\t\t\t\t<\/div>\n\t\t\t\t<\/div>\n\t\t\t\t<\/div>\n\t\t","protected":false},"excerpt":{"rendered":"<p>DemantspakkiL\u00faxus s\u00e9rme\u00f0fer\u00f0 fr\u00e1 Academie me\u00f0 f\u00f3tsnyrtingu.75 m\u00edn\u00fatna andlitsba\u00f0 me\u00f0 litun og plokkun \u00e1samt l\u00faxus f\u00f3tsnyrtingu me\u00f0 skr\u00fabb, f\u00f3tamaska og f\u00f3tanuddi. [&hellip;]<\/p>\n","protected":false},"author":2,"featured_media":0,"parent":0,"menu_order":0,"comment_status":"closed","ping_status":"closed","template":"","meta":{"site-sidebar-layout":"no-sidebar","site-content-layout":"","ast-site-content-layout":"full-width-container","site-content-style":"default","site-sidebar-style":"default","ast-global-header-display":"","ast-banner-title-visibility":"","ast-main-header-display":"","ast-hfb-above-header-display":"","ast-hfb-below-header-display":"","ast-hfb-mobile-header-display":"","site-post-title":"","ast-breadcrumbs-content":"","ast-featured-img":"disabled","footer-sml-layout":"","theme-transparent-header-meta":"","adv-header-id-meta":"","stick-header-meta":"","header-above-stick-meta":"","header-main-stick-meta":"","header-below-stick-meta":"","astra-migrate-meta-layouts":"default","ast-page-background-enabled":"default","ast-page-background-meta":{"desktop":{"background-color":"var(--ast-global-color-5)","background-image":"","background-repeat":"repeat","background-position":"center center","background-size":"auto","background-attachment":"scroll","background-type":"","background-media":"","overlay-type":"","overlay-color":"","overlay-opacity":"","overlay-gradient":""},"tablet":{"background-color":"","background-image":"","background-repeat":"repeat","background-position":"center center","background-size":"auto","background-attachment":"scroll","background-type":"","background-media":"","overlay-type":"","overlay-color":"","overlay-opacity":"","overlay-gradient":""},"mobile":{"background-color":"","background-image":"","background-repeat":"repeat","background-position":"center center","background-size":"auto","background-attachment":"scroll","background-type":"","background-media":"","overlay-type":"","overlay-color":"","overlay-opacity":"","overlay-gradient":""}},"ast-content-background-meta":{"desktop":{"background-color":"var(--ast-global-color-4)","background-image":"","background-repeat":"repeat","background-position":"center center","background-size":"auto","background-attachment":"scroll","background-type":"","background-media":"","overlay-type":"","overlay-color":"","overlay-opacity":"","overlay-gradient":""},"tablet":{"background-color":"var(--ast-global-color-4)","background-image":"","background-repeat":"repeat","background-position":"center center","background-size":"auto","background-attachment":"scroll","background-type":"","background-media":"","overlay-type":"","overlay-color":"","overlay-opacity":"","overlay-gradient":""},"mobile":{"background-color":"var(--ast-global-color-4)","background-image":"","background-repeat":"repeat","background-position":"center center","background-size":"auto","background-attachment":"scroll","background-type":"","background-media":"","overlay-type":"","overlay-color":"","overlay-opacity":"","overlay-gradient":""}},"footnotes":""},"class_list":["post-2489","page","type-page","status-publish","hentry"],"_links":{"self":[{"href":"https:\/\/snyrtistofanrunir.is\/index.php?rest_route=\/wp\/v2\/pages\/2489","targetHints":{"allow":["GET"]}}],"collection":[{"href":"https:\/\/snyrtistofanrunir.is\/index.php?rest_route=\/wp\/v2\/pages"}],"about":[{"href":"https:\/\/snyrtistofanrunir.is\/index.php?rest_route=\/wp\/v2\/types\/page"}],"author":[{"embeddable":true,"href":"https:\/\/snyrtistofanrunir.is\/index.php?rest_route=\/wp\/v2\/users\/2"}],"replies":[{"embeddable":true,"href":"https:\/\/snyrtistofanrunir.is\/index.php?rest_route=%2Fwp%2Fv2%2Fcomments&post=2489"}],"version-history":[{"count":91,"href":"https:\/\/snyrtistofanrunir.is\/index.php?rest_route=\/wp\/v2\/pages\/2489\/revisions"}],"predecessor-version":[{"id":3658,"href":"https:\/\/snyrtistofanrunir.is\/index.php?rest_route=\/wp\/v2\/pages\/2489\/revisions\/3658"}],"wp:attachment":[{"href":"https:\/\/snyrtistofanrunir.is\/index.php?rest_route=%2Fwp%2Fv2%2Fmedia&parent=2489"}],"curies":[{"name":"wp","href":"https:\/\/api.w.org\/{rel}","templated":true}]}}