{"id":2471,"date":"2025-08-25T20:59:23","date_gmt":"2025-08-25T20:59:23","guid":{"rendered":"https:\/\/snyrtistofanrunir.is\/?page_id=2471"},"modified":"2025-09-15T00:32:01","modified_gmt":"2025-09-15T00:32:01","slug":"vaxmedferdir-2","status":"publish","type":"page","link":"https:\/\/snyrtistofanrunir.is\/?page_id=2471","title":{"rendered":"Vaxme\u00f0fer\u00f0ir"},"content":{"rendered":"<style>.elementor-2471 .elementor-element.elementor-element-dd08216{--display:flex;--min-height:568px;--flex-direction:column;--container-widget-width:100%;--container-widget-height:initial;--container-widget-flex-grow:0;--container-widget-align-self:initial;--flex-wrap-mobile:wrap;--gap:0px 0px;--row-gap:0px;--column-gap:0px;--overflow:hidden;--overlay-opacity:0.61;--margin-top:0px;--margin-bottom:0px;--margin-left:0px;--margin-right:0px;--padding-top:120px;--padding-bottom:120px;--padding-left:10px;--padding-right:10px;overflow:visible;}.elementor-2471 .elementor-element.elementor-element-dd08216:not(.elementor-motion-effects-element-type-background), .elementor-2471 .elementor-element.elementor-element-dd08216 > .elementor-motion-effects-container > .elementor-motion-effects-layer{background-image:url(\"https:\/\/snyrtistofanrunir.is\/wp-content\/uploads\/2025\/09\/Vax-1.jpg\");background-position:0px -900px;background-repeat:no-repeat;background-size:cover;}.elementor-2471 .elementor-element.elementor-element-dd08216::before, .elementor-2471 .elementor-element.elementor-element-dd08216 > .elementor-background-video-container::before, .elementor-2471 .elementor-element.elementor-element-dd08216 > .e-con-inner > .elementor-background-video-container::before, .elementor-2471 .elementor-element.elementor-element-dd08216 > .elementor-background-slideshow::before, .elementor-2471 .elementor-element.elementor-element-dd08216 > .e-con-inner > .elementor-background-slideshow::before, .elementor-2471 .elementor-element.elementor-element-dd08216 > .elementor-motion-effects-container > .elementor-motion-effects-layer::before{background-color:#000000;--background-overlay:'';}.elementor-2471 .elementor-element.elementor-element-dd08216.e-con{--flex-grow:0;--flex-shrink:0;}.elementor-2471 .elementor-element.elementor-element-664541e{--display:flex;--flex-direction:row;--container-widget-width:initial;--container-widget-height:100%;--container-widget-flex-grow:1;--container-widget-align-self:stretch;--flex-wrap-mobile:wrap;overflow:visible;}.elementor-2471 .elementor-element.elementor-element-1846394{--display:flex;--flex-direction:column;--container-widget-width:100%;--container-widget-height:initial;--container-widget-flex-grow:0;--container-widget-align-self:initial;--flex-wrap-mobile:wrap;--margin-top:0px;--margin-bottom:0px;--margin-left:0px;--margin-right:0px;--padding-top:80px;--padding-bottom:80px;--padding-left:10px;--padding-right:10px;overflow:visible;}.elementor-2471 .elementor-element.elementor-element-749d119{--display:flex;--flex-direction:row;--container-widget-width:initial;--container-widget-height:100%;--container-widget-flex-grow:1;--container-widget-align-self:stretch;--flex-wrap-mobile:wrap;overflow:visible;}.elementor-2471 .elementor-element.elementor-element-1f0fa0d{--display:flex;--padding-top:0px;--padding-bottom:0px;--padding-left:30px;--padding-right:0px;overflow:visible;}.elementor-2471 .elementor-element.elementor-element-762c6cd{width:var( --container-widget-width, 100% );max-width:100%;--container-widget-width:100%;--container-widget-flex-grow:0;text-align:center;}.elementor-2471 .elementor-element.elementor-element-762c6cd .elementor-heading-title{font-family:\"Lato\", Sans-serif;font-size:32px;font-weight:600;line-height:32px;}.elementor-2471 .elementor-element.elementor-element-de2eda6{width:var( --container-widget-width, 77% );max-width:77%;--container-widget-width:77%;--container-widget-flex-grow:0;text-align:center;font-family:\"Lato\", Sans-serif;font-size:20px;font-weight:400;line-height:29px;color:#313131;}.elementor-2471 .elementor-element.elementor-element-de2eda6.elementor-element{--align-self:center;}.elementor-2471 .elementor-element.elementor-element-af6ee27 .elementor-button{background-color:var( --e-global-color-astglobalcolor6 );fill:var( --e-global-color-primary );color:var( --e-global-color-primary );border-style:solid;border-width:1px 1px 1px 1px;border-color:var( --e-global-color-secondary );padding:15px 40px 15px 40px;}.elementor-2471 .elementor-element.elementor-element-af6ee27 .elementor-button:hover, .elementor-2471 .elementor-element.elementor-element-af6ee27 .elementor-button:focus{background-color:#FFFFFF;color:#000000;border-color:#302B2B;}.elementor-2471 .elementor-element.elementor-element-af6ee27 .elementor-button:hover svg, .elementor-2471 .elementor-element.elementor-element-af6ee27 .elementor-button:focus svg{fill:#000000;}@media(max-width:1024px){.elementor-2471 .elementor-element.elementor-element-dd08216{--min-height:410px;--flex-direction:column;--container-widget-width:100%;--container-widget-height:initial;--container-widget-flex-grow:0;--container-widget-align-self:initial;--flex-wrap-mobile:wrap;--flex-wrap:wrap;}.elementor-2471 .elementor-element.elementor-element-dd08216:not(.elementor-motion-effects-element-type-background), .elementor-2471 .elementor-element.elementor-element-dd08216 > .elementor-motion-effects-container > .elementor-motion-effects-layer{background-position:0px 0px;}.elementor-2471 .elementor-element.elementor-element-664541e{--flex-wrap:wrap;}.elementor-2471 .elementor-element.elementor-element-1846394{--padding-top:60px;--padding-bottom:60px;--padding-left:0px;--padding-right:0px;}.elementor-2471 .elementor-element.elementor-element-749d119{--flex-wrap:wrap;}.elementor-2471 .elementor-element.elementor-element-1f0fa0d{--padding-top:0px;--padding-bottom:0px;--padding-left:0px;--padding-right:0px;}.elementor-2471 .elementor-element.elementor-element-de2eda6{--container-widget-width:1000px;--container-widget-flex-grow:0;width:var( --container-widget-width, 1000px );max-width:1000px;}}@media(max-width:767px){.elementor-2471 .elementor-element.elementor-element-dd08216{--min-height:350px;}.elementor-2471 .elementor-element.elementor-element-dd08216:not(.elementor-motion-effects-element-type-background), .elementor-2471 .elementor-element.elementor-element-dd08216 > .elementor-motion-effects-container > .elementor-motion-effects-layer{background-position:0px 0px;}.elementor-2471 .elementor-element.elementor-element-1846394{--padding-top:40px;--padding-bottom:40px;--padding-left:0px;--padding-right:0px;}.elementor-2471 .elementor-element.elementor-element-762c6cd{text-align:center;}.elementor-2471 .elementor-element.elementor-element-762c6cd .elementor-heading-title{font-size:24px;line-height:33px;}.elementor-2471 .elementor-element.elementor-element-de2eda6{--container-widget-width:1000px;--container-widget-flex-grow:0;width:var( --container-widget-width, 1000px );max-width:1000px;text-align:center;font-size:16px;}}<\/style>\t\t<div data-elementor-type=\"wp-page\" data-elementor-id=\"2471\" class=\"elementor elementor-2471\" data-elementor-post-type=\"page\">\n\t\t\t\t<div class=\"elementor-element elementor-element-dd08216 e-con-full e-flex e-con e-parent\" data-id=\"dd08216\" data-element_type=\"container\" data-settings=\"{&quot;background_background&quot;:&quot;classic&quot;}\">\n\t\t<div class=\"elementor-element elementor-element-664541e e-con-full e-flex e-con e-child\" data-id=\"664541e\" data-element_type=\"container\">\n\t\t\t\t<\/div>\n\t\t\t\t<\/div>\n\t\t<div class=\"elementor-element elementor-element-1846394 e-flex e-con-boxed e-con e-parent\" data-id=\"1846394\" data-element_type=\"container\">\n\t\t\t\t\t<div class=\"e-con-inner\">\n\t\t<div class=\"elementor-element elementor-element-749d119 e-con-full e-flex e-con e-child\" data-id=\"749d119\" data-element_type=\"container\">\n\t\t<div class=\"elementor-element elementor-element-1f0fa0d e-con-full e-flex e-con e-child\" data-id=\"1f0fa0d\" data-element_type=\"container\">\n\t\t\t\t<div class=\"elementor-element elementor-element-762c6cd elementor-widget__width-initial elementor-widget elementor-widget-heading\" data-id=\"762c6cd\" data-element_type=\"widget\" data-settings=\"{&quot;ekit_we_effect_on&quot;:&quot;none&quot;}\" data-widget_type=\"heading.default\">\n\t\t\t\t\t<h2 class=\"elementor-heading-title elementor-size-default\">Vax me\u00f0fer\u00f0ir\n<\/h2>\t\t\t\t<\/div>\n\t\t\t\t<div class=\"elementor-element elementor-element-de2eda6 elementor-widget__width-initial elementor-widget elementor-widget-text-editor\" data-id=\"de2eda6\" data-element_type=\"widget\" data-settings=\"{&quot;ekit_we_effect_on&quot;:&quot;none&quot;}\" data-widget_type=\"text-editor.default\">\n\t\t\t\t\t\t\t\t\t<p>Vi\u00f0 bj\u00f3\u00f0um upp \u00e1 fj\u00f6lbreytt \u00farval vaxme\u00f0fer\u00f0a til a\u00f0 fjarl\u00e6gja \u00f3\u00e6skileg h\u00e1r \u00e1 l\u00edkama og andliti. Vi\u00f0 notumst a\u00f0eins vi\u00f0 h\u00e1g\u00e6\u00f0a vax, b\u00e6\u00f0i vi\u00f0 Lycon og Italvax. Vi\u00f0 erum einnig me\u00f0 v\u00f6rur fr\u00e1 Lycon til s\u00f6lu til heimanotkunar eftir vaxme\u00f0fer\u00f0ir. Athugi\u00f0 a\u00f0 vi\u00f0 t\u00f6kum ekki karlmenn \u00ed brasil\u00edskt vax.<\/p>\t\t\t\t\t\t\t\t<\/div>\n\t\t\t\t<div class=\"elementor-element elementor-element-af6ee27 elementor-align-center elementor-widget elementor-widget-button\" data-id=\"af6ee27\" data-element_type=\"widget\" data-settings=\"{&quot;ekit_we_effect_on&quot;:&quot;none&quot;}\" data-widget_type=\"button.default\">\n\t\t\t\t\t\t\t\t\t\t<a class=\"elementor-button elementor-button-link elementor-size-sm\" href=\"https:\/\/noona.is\/\">\n\t\t\t\t\t\t<span class=\"elementor-button-content-wrapper\">\n\t\t\t\t\t\t\t\t\t<span class=\"elementor-button-text\">B\u00f3ka t\u00edma<\/span>\n\t\t\t\t\t<\/span>\n\t\t\t\t\t<\/a>\n\t\t\t\t\t\t\t\t<\/div>\n\t\t\t\t<\/div>\n\t\t\t\t<\/div>\n\t\t\t\t\t<\/div>\n\t\t\t\t<\/div>\n\t\t\t\t<\/div>\n\t\t","protected":false},"excerpt":{"rendered":"<p>Vax me\u00f0fer\u00f0ir Vi\u00f0 bj\u00f3\u00f0um upp \u00e1 fj\u00f6lbreytt \u00farval vaxme\u00f0fer\u00f0a til a\u00f0 fjarl\u00e6gja \u00f3\u00e6skileg h\u00e1r \u00e1 l\u00edkama og andliti. Vi\u00f0 notumst [&hellip;]<\/p>\n","protected":false},"author":2,"featured_media":0,"parent":0,"menu_order":0,"comment_status":"closed","ping_status":"closed","template":"","meta":{"site-sidebar-layout":"no-sidebar","site-content-layout":"","ast-site-content-layout":"full-width-container","site-content-style":"default","site-sidebar-style":"default","ast-global-header-display":"","ast-banner-title-visibility":"","ast-main-header-display":"","ast-hfb-above-header-display":"","ast-hfb-below-header-display":"","ast-hfb-mobile-header-display":"","site-post-title":"","ast-breadcrumbs-content":"","ast-featured-img":"disabled","footer-sml-layout":"","theme-transparent-header-meta":"","adv-header-id-meta":"","stick-header-meta":"","header-above-stick-meta":"","header-main-stick-meta":"","header-below-stick-meta":"","astra-migrate-meta-layouts":"default","ast-page-background-enabled":"default","ast-page-background-meta":{"desktop":{"background-color":"var(--ast-global-color-5)","background-image":"","background-repeat":"repeat","background-position":"center center","background-size":"auto","background-attachment":"scroll","background-type":"","background-media":"","overlay-type":"","overlay-color":"","overlay-opacity":"","overlay-gradient":""},"tablet":{"background-color":"","background-image":"","background-repeat":"repeat","background-position":"center center","background-size":"auto","background-attachment":"scroll","background-type":"","background-media":"","overlay-type":"","overlay-color":"","overlay-opacity":"","overlay-gradient":""},"mobile":{"background-color":"","background-image":"","background-repeat":"repeat","background-position":"center center","background-size":"auto","background-attachment":"scroll","background-type":"","background-media":"","overlay-type":"","overlay-color":"","overlay-opacity":"","overlay-gradient":""}},"ast-content-background-meta":{"desktop":{"background-color":"var(--ast-global-color-4)","background-image":"","background-repeat":"repeat","background-position":"center center","background-size":"auto","background-attachment":"scroll","background-type":"","background-media":"","overlay-type":"","overlay-color":"","overlay-opacity":"","overlay-gradient":""},"tablet":{"background-color":"var(--ast-global-color-4)","background-image":"","background-repeat":"repeat","background-position":"center center","background-size":"auto","background-attachment":"scroll","background-type":"","background-media":"","overlay-type":"","overlay-color":"","overlay-opacity":"","overlay-gradient":""},"mobile":{"background-color":"var(--ast-global-color-4)","background-image":"","background-repeat":"repeat","background-position":"center center","background-size":"auto","background-attachment":"scroll","background-type":"","background-media":"","overlay-type":"","overlay-color":"","overlay-opacity":"","overlay-gradient":""}},"footnotes":""},"class_list":["post-2471","page","type-page","status-publish","hentry"],"_links":{"self":[{"href":"https:\/\/snyrtistofanrunir.is\/index.php?rest_route=\/wp\/v2\/pages\/2471","targetHints":{"allow":["GET"]}}],"collection":[{"href":"https:\/\/snyrtistofanrunir.is\/index.php?rest_route=\/wp\/v2\/pages"}],"about":[{"href":"https:\/\/snyrtistofanrunir.is\/index.php?rest_route=\/wp\/v2\/types\/page"}],"author":[{"embeddable":true,"href":"https:\/\/snyrtistofanrunir.is\/index.php?rest_route=\/wp\/v2\/users\/2"}],"replies":[{"embeddable":true,"href":"https:\/\/snyrtistofanrunir.is\/index.php?rest_route=%2Fwp%2Fv2%2Fcomments&post=2471"}],"version-history":[{"count":127,"href":"https:\/\/snyrtistofanrunir.is\/index.php?rest_route=\/wp\/v2\/pages\/2471\/revisions"}],"predecessor-version":[{"id":3581,"href":"https:\/\/snyrtistofanrunir.is\/index.php?rest_route=\/wp\/v2\/pages\/2471\/revisions\/3581"}],"wp:attachment":[{"href":"https:\/\/snyrtistofanrunir.is\/index.php?rest_route=%2Fwp%2Fv2%2Fmedia&parent=2471"}],"curies":[{"name":"wp","href":"https:\/\/api.w.org\/{rel}","templated":true}]}}