{"id":2433,"date":"2025-08-25T19:19:31","date_gmt":"2025-08-25T19:19:31","guid":{"rendered":"https:\/\/snyrtistofanrunir.is\/?page_id=2433"},"modified":"2025-09-14T23:35:46","modified_gmt":"2025-09-14T23:35:46","slug":"litun-og-plokkun-og-augnmedferdir","status":"publish","type":"page","link":"https:\/\/snyrtistofanrunir.is\/?page_id=2433","title":{"rendered":"Augnme\u00f0fer\u00f0ir"},"content":{"rendered":"<style>.elementor-2433 .elementor-element.elementor-element-8ab5030{--display:flex;--flex-direction:column;--container-widget-width:100%;--container-widget-height:initial;--container-widget-flex-grow:0;--container-widget-align-self:initial;--flex-wrap-mobile:wrap;--margin-top:0px;--margin-bottom:0px;--margin-left:0px;--margin-right:0px;--padding-top:80px;--padding-bottom:80px;--padding-left:10px;--padding-right:10px;overflow:visible;}.elementor-2433 .elementor-element.elementor-element-b909dce{--display:flex;--flex-direction:row;--container-widget-width:initial;--container-widget-height:100%;--container-widget-flex-grow:1;--container-widget-align-self:stretch;--flex-wrap-mobile:wrap;overflow:visible;}.elementor-2433 .elementor-element.elementor-element-3e9c703{--display:flex;overflow:visible;}.elementor-2433 .elementor-element.elementor-element-3e9c703.e-con:hover{--e-con-transform-scale:1.02;}.elementor-2433 .elementor-element.elementor-element-a9d1c13 img{border-radius:40px 40px 40px 40px;}.elementor-2433 .elementor-element.elementor-element-0f921ab{--display:flex;--padding-top:0px;--padding-bottom:0px;--padding-left:30px;--padding-right:0px;overflow:visible;}.elementor-2433 .elementor-element.elementor-element-65d6873{width:var( --container-widget-width, 100% );max-width:100%;--container-widget-width:100%;--container-widget-flex-grow:0;}.elementor-2433 .elementor-element.elementor-element-65d6873 .elementor-heading-title{font-family:\"Lato\", Sans-serif;font-size:32px;font-weight:600;line-height:32px;}.elementor-2433 .elementor-element.elementor-element-2d3aa4c{width:var( --container-widget-width, 77% );max-width:77%;--container-widget-width:77%;--container-widget-flex-grow:0;text-align:start;font-family:\"Lato\", Sans-serif;font-size:20px;font-weight:400;line-height:29px;color:#313131;}.elementor-2433 .elementor-element.elementor-element-2d3aa4c.elementor-element{--align-self:flex-start;}.elementor-2433 .elementor-element.elementor-element-16f6eed .elementor-button{background-color:var( --e-global-color-secondary );border-style:solid;border-width:1px 1px 1px 1px;border-color:var( --e-global-color-secondary );padding:15px 40px 15px 40px;}.elementor-2433 .elementor-element.elementor-element-16f6eed .elementor-button:hover, .elementor-2433 .elementor-element.elementor-element-16f6eed .elementor-button:focus{background-color:#FFFFFF;color:#000000;}.elementor-2433 .elementor-element.elementor-element-16f6eed .elementor-button:hover svg, .elementor-2433 .elementor-element.elementor-element-16f6eed .elementor-button:focus svg{fill:#000000;}.elementor-2433 .elementor-element.elementor-element-ebc953f{--display:flex;--flex-direction:row;--container-widget-width:initial;--container-widget-height:100%;--container-widget-flex-grow:1;--container-widget-align-self:stretch;--flex-wrap-mobile:wrap;--margin-top:0px;--margin-bottom:0px;--margin-left:0px;--margin-right:0px;--padding-top:80px;--padding-bottom:80px;--padding-left:10px;--padding-right:10px;overflow:visible;}.elementor-2433 .elementor-element.elementor-element-ebc953f:not(.elementor-motion-effects-element-type-background), .elementor-2433 .elementor-element.elementor-element-ebc953f > .elementor-motion-effects-container > .elementor-motion-effects-layer{background-color:#8080801C;}.elementor-2433 .elementor-element.elementor-element-b15db63{--display:flex;overflow:visible;}.elementor-2433 .elementor-element.elementor-element-6f2c917{width:var( --container-widget-width, 100% );max-width:100%;--container-widget-width:100%;--container-widget-flex-grow:0;}.elementor-2433 .elementor-element.elementor-element-6f2c917 .elementor-heading-title{font-family:\"Lato\", Sans-serif;font-size:32px;font-weight:600;line-height:32px;}.elementor-2433 .elementor-element.elementor-element-ff36edf{width:var( --container-widget-width, 77% );max-width:77%;--container-widget-width:77%;--container-widget-flex-grow:0;text-align:start;font-family:\"Lato\", Sans-serif;font-size:20px;font-weight:400;line-height:29px;color:#313131;}.elementor-2433 .elementor-element.elementor-element-ff36edf.elementor-element{--align-self:flex-start;}.elementor-2433 .elementor-element.elementor-element-d61bbff .elementor-button{background-color:var( --e-global-color-secondary );border-style:solid;border-width:1px 1px 1px 1px;border-color:var( --e-global-color-secondary );padding:15px 40px 15px 40px;}.elementor-2433 .elementor-element.elementor-element-d61bbff .elementor-button:hover, .elementor-2433 .elementor-element.elementor-element-d61bbff .elementor-button:focus{background-color:#FFFFFF;color:#000000;}.elementor-2433 .elementor-element.elementor-element-d61bbff .elementor-button:hover svg, .elementor-2433 .elementor-element.elementor-element-d61bbff .elementor-button:focus svg{fill:#000000;}.elementor-2433 .elementor-element.elementor-element-cc467b8{--display:flex;overflow:visible;}.elementor-2433 .elementor-element.elementor-element-5376d4d img{border-radius:40px 40px 40px 40px;}@media(max-width:1024px){.elementor-2433 .elementor-element.elementor-element-8ab5030{--flex-wrap:wrap;--padding-top:60px;--padding-bottom:0px;--padding-left:0px;--padding-right:0px;}.elementor-2433 .elementor-element.elementor-element-b909dce{--flex-wrap:wrap;}.elementor-2433 .elementor-element.elementor-element-0f921ab{--padding-top:0px;--padding-bottom:0px;--padding-left:0px;--padding-right:0px;}.elementor-2433 .elementor-element.elementor-element-2d3aa4c{--container-widget-width:1000px;--container-widget-flex-grow:0;width:var( --container-widget-width, 1000px );max-width:1000px;}.elementor-2433 .elementor-element.elementor-element-ebc953f{--flex-wrap:wrap;--padding-top:60px;--padding-bottom:60px;--padding-left:0px;--padding-right:0px;}.elementor-2433 .elementor-element.elementor-element-ff36edf{--container-widget-width:1000px;--container-widget-flex-grow:0;width:var( --container-widget-width, 1000px );max-width:1000px;}}@media(max-width:767px){.elementor-2433 .elementor-element.elementor-element-8ab5030{--padding-top:40px;--padding-bottom:40px;--padding-left:10px;--padding-right:10px;}.elementor-2433 .elementor-element.elementor-element-65d6873{text-align:center;}.elementor-2433 .elementor-element.elementor-element-65d6873 .elementor-heading-title{font-size:24px;line-height:33px;}.elementor-2433 .elementor-element.elementor-element-2d3aa4c{--container-widget-width:1000px;--container-widget-flex-grow:0;width:var( --container-widget-width, 1000px );max-width:1000px;text-align:center;font-size:16px;}.elementor-2433 .elementor-element.elementor-element-ebc953f{--padding-top:40px;--padding-bottom:60px;--padding-left:10px;--padding-right:10px;}.elementor-2433 .elementor-element.elementor-element-6f2c917{text-align:center;}.elementor-2433 .elementor-element.elementor-element-6f2c917 .elementor-heading-title{font-size:24px;line-height:33px;}.elementor-2433 .elementor-element.elementor-element-ff36edf{--container-widget-width:1000px;--container-widget-flex-grow:0;width:var( --container-widget-width, 1000px );max-width:1000px;text-align:center;font-size:16px;}}<\/style>\t\t<div data-elementor-type=\"wp-page\" data-elementor-id=\"2433\" class=\"elementor elementor-2433\" data-elementor-post-type=\"page\">\n\t\t\t\t<div class=\"elementor-element elementor-element-8ab5030 e-flex e-con-boxed e-con e-parent\" data-id=\"8ab5030\" data-element_type=\"container\">\n\t\t\t\t\t<div class=\"e-con-inner\">\n\t\t<div class=\"elementor-element elementor-element-b909dce e-con-full e-flex e-con e-child\" data-id=\"b909dce\" data-element_type=\"container\">\n\t\t<div class=\"elementor-element elementor-element-3e9c703 e-con-full e-transform e-flex e-con e-child\" data-id=\"3e9c703\" data-element_type=\"container\" data-settings=\"{&quot;_transform_scale_effect_hover&quot;:{&quot;unit&quot;:&quot;px&quot;,&quot;size&quot;:1.02,&quot;sizes&quot;:[]},&quot;_transform_scale_effect_hover_tablet&quot;:{&quot;unit&quot;:&quot;px&quot;,&quot;size&quot;:&quot;&quot;,&quot;sizes&quot;:[]},&quot;_transform_scale_effect_hover_mobile&quot;:{&quot;unit&quot;:&quot;px&quot;,&quot;size&quot;:&quot;&quot;,&quot;sizes&quot;:[]}}\">\n\t\t\t\t<div class=\"elementor-element elementor-element-a9d1c13 elementor-widget elementor-widget-image\" data-id=\"a9d1c13\" data-element_type=\"widget\" data-settings=\"{&quot;ekit_we_effect_on&quot;:&quot;none&quot;}\" data-widget_type=\"image.default\">\n\t\t\t\t\t\t\t\t\t\t\t\t\t\t\t<img fetchpriority=\"high\" decoding=\"async\" width=\"678\" height=\"446\" src=\"https:\/\/snyrtistofanrunir.is\/wp-content\/uploads\/2025\/09\/augnmedhferdhir-efst-3.jpg\" class=\"attachment-large size-large wp-image-3379\" alt=\"\" srcset=\"https:\/\/snyrtistofanrunir.is\/wp-content\/uploads\/2025\/09\/augnmedhferdhir-efst-3.jpg 678w, https:\/\/snyrtistofanrunir.is\/wp-content\/uploads\/2025\/09\/augnmedhferdhir-efst-3-300x197.jpg 300w, https:\/\/snyrtistofanrunir.is\/wp-content\/uploads\/2025\/09\/augnmedhferdhir-efst-3-600x395.jpg 600w\" sizes=\"(max-width: 678px) 100vw, 678px\" \/>\t\t\t\t\t\t\t\t\t\t\t\t\t\t\t<\/div>\n\t\t\t\t<\/div>\n\t\t<div class=\"elementor-element elementor-element-0f921ab e-con-full e-flex e-con e-child\" data-id=\"0f921ab\" data-element_type=\"container\">\n\t\t\t\t<div class=\"elementor-element elementor-element-65d6873 elementor-widget__width-initial elementor-widget elementor-widget-heading\" data-id=\"65d6873\" data-element_type=\"widget\" data-settings=\"{&quot;ekit_we_effect_on&quot;:&quot;none&quot;}\" data-widget_type=\"heading.default\">\n\t\t\t\t\t<h2 class=\"elementor-heading-title elementor-size-default\">Litun og plokkun og augnme\u00f0fer\u00f0ir\n<\/h2>\t\t\t\t<\/div>\n\t\t\t\t<div class=\"elementor-element elementor-element-2d3aa4c elementor-widget__width-initial elementor-widget elementor-widget-text-editor\" data-id=\"2d3aa4c\" data-element_type=\"widget\" data-settings=\"{&quot;ekit_we_effect_on&quot;:&quot;none&quot;}\" data-widget_type=\"text-editor.default\">\n\t\t\t\t\t\t\t\t\t<p><span style=\"font-weight: 400;\">Vi\u00f0 litum augnh\u00e1r og\/e\u00f0a augabr\u00fanir og m\u00f3tum me\u00f0 vaxi e\u00f0a plokkun. H\u00e6gt er a\u00f0 b\u00e6ta vi\u00f0 paraff\u00edn vaxi \u00e1 hendur \u00e1 me\u00f0an liturinn liggur \u00e1 br\u00fanum \u00e1samt handanuddi.<\/span><span style=\"font-weight: 400;\"><br \/><\/span><\/p>\t\t\t\t\t\t\t\t<\/div>\n\t\t\t\t<div class=\"elementor-element elementor-element-16f6eed elementor-mobile-align-center elementor-widget elementor-widget-button\" data-id=\"16f6eed\" data-element_type=\"widget\" data-settings=\"{&quot;ekit_we_effect_on&quot;:&quot;none&quot;}\" data-widget_type=\"button.default\">\n\t\t\t\t\t\t\t\t\t\t<a class=\"elementor-button elementor-button-link elementor-size-sm\" href=\"https:\/\/noona.is\/snyrtistofanrunir\">\n\t\t\t\t\t\t<span class=\"elementor-button-content-wrapper\">\n\t\t\t\t\t\t\t\t\t<span class=\"elementor-button-text\">B\u00f3ka t\u00edma<\/span>\n\t\t\t\t\t<\/span>\n\t\t\t\t\t<\/a>\n\t\t\t\t\t\t\t\t<\/div>\n\t\t\t\t<\/div>\n\t\t\t\t<\/div>\n\t\t\t\t\t<\/div>\n\t\t\t\t<\/div>\n\t\t<div class=\"elementor-element elementor-element-ebc953f e-flex e-con-boxed e-con e-parent\" data-id=\"ebc953f\" data-element_type=\"container\" data-settings=\"{&quot;background_background&quot;:&quot;classic&quot;}\">\n\t\t\t\t\t<div class=\"e-con-inner\">\n\t\t<div class=\"elementor-element elementor-element-b15db63 e-con-full e-flex e-con e-child\" data-id=\"b15db63\" data-element_type=\"container\">\n\t\t\t\t<div class=\"elementor-element elementor-element-6f2c917 elementor-widget__width-initial elementor-widget elementor-widget-heading\" data-id=\"6f2c917\" data-element_type=\"widget\" data-settings=\"{&quot;ekit_we_effect_on&quot;:&quot;none&quot;}\" data-widget_type=\"heading.default\">\n\t\t\t\t\t<h2 class=\"elementor-heading-title elementor-size-default\">Eye lift \/ lyftandi augnme\u00f0fer\u00f0\n<\/h2>\t\t\t\t<\/div>\n\t\t\t\t<div class=\"elementor-element elementor-element-ff36edf elementor-widget__width-initial elementor-widget elementor-widget-text-editor\" data-id=\"ff36edf\" data-element_type=\"widget\" data-settings=\"{&quot;ekit_we_effect_on&quot;:&quot;none&quot;}\" data-widget_type=\"text-editor.default\">\n\t\t\t\t\t\t\t\t\t<p>Eye lift er fegur\u00f0art\u00e6ki sem sameinar LED lj\u00f3same\u00f0fer\u00f0 \u00e1samt hita- og nuddme\u00f0fer\u00f0 til a\u00f0 auka kollagenframlei\u00f0slu og uppt\u00f6ku v\u00edtam\u00edna og n\u00e6ringarefna. Me\u00f0fer\u00f0in dregur \u00far \u00ferota og hj\u00e1lpar til a\u00f0 draga \u00far f\u00ednum l\u00ednum og hrukkum \u00ed kringum augnsv\u00e6\u00f0i\u00f0. H\u00e6gt a\u00f0 b\u00e6ta vi\u00f0 litun og plokkun.\u00a0<\/p>\t\t\t\t\t\t\t\t<\/div>\n\t\t\t\t<div class=\"elementor-element elementor-element-d61bbff elementor-mobile-align-center elementor-widget elementor-widget-button\" data-id=\"d61bbff\" data-element_type=\"widget\" data-settings=\"{&quot;ekit_we_effect_on&quot;:&quot;none&quot;}\" data-widget_type=\"button.default\">\n\t\t\t\t\t\t\t\t\t\t<a class=\"elementor-button elementor-button-link elementor-size-sm\" href=\"https:\/\/noona.is\/snyrtistofanrunir\">\n\t\t\t\t\t\t<span class=\"elementor-button-content-wrapper\">\n\t\t\t\t\t\t\t\t\t<span class=\"elementor-button-text\">B\u00f3ka t\u00edma<\/span>\n\t\t\t\t\t<\/span>\n\t\t\t\t\t<\/a>\n\t\t\t\t\t\t\t\t<\/div>\n\t\t\t\t<\/div>\n\t\t<div class=\"elementor-element elementor-element-cc467b8 e-con-full e-flex e-con e-child\" data-id=\"cc467b8\" data-element_type=\"container\">\n\t\t\t\t<div class=\"elementor-element elementor-element-5376d4d elementor-widget elementor-widget-image\" data-id=\"5376d4d\" data-element_type=\"widget\" data-settings=\"{&quot;ekit_we_effect_on&quot;:&quot;none&quot;}\" data-widget_type=\"image.default\">\n\t\t\t\t\t\t\t\t\t\t\t\t\t\t\t<img decoding=\"async\" width=\"1024\" height=\"683\" src=\"https:\/\/snyrtistofanrunir.is\/wp-content\/uploads\/2025\/09\/augnm-1-1024x683.jpg\" class=\"attachment-large size-large wp-image-3378\" alt=\"\" srcset=\"https:\/\/snyrtistofanrunir.is\/wp-content\/uploads\/2025\/09\/augnm-1-1024x683.jpg 1024w, https:\/\/snyrtistofanrunir.is\/wp-content\/uploads\/2025\/09\/augnm-1-300x200.jpg 300w, https:\/\/snyrtistofanrunir.is\/wp-content\/uploads\/2025\/09\/augnm-1-768x512.jpg 768w, https:\/\/snyrtistofanrunir.is\/wp-content\/uploads\/2025\/09\/augnm-1-1536x1024.jpg 1536w, https:\/\/snyrtistofanrunir.is\/wp-content\/uploads\/2025\/09\/augnm-1-2048x1366.jpg 2048w, https:\/\/snyrtistofanrunir.is\/wp-content\/uploads\/2025\/09\/augnm-1-600x400.jpg 600w\" sizes=\"(max-width: 1024px) 100vw, 1024px\" \/>\t\t\t\t\t\t\t\t\t\t\t\t\t\t\t<\/div>\n\t\t\t\t<\/div>\n\t\t\t\t\t<\/div>\n\t\t\t\t<\/div>\n\t\t\t\t<\/div>\n\t\t","protected":false},"excerpt":{"rendered":"<p>Litun og plokkun og augnme\u00f0fer\u00f0ir Vi\u00f0 litum augnh\u00e1r og\/e\u00f0a augabr\u00fanir og m\u00f3tum me\u00f0 vaxi e\u00f0a plokkun. H\u00e6gt er a\u00f0 b\u00e6ta [&hellip;]<\/p>\n","protected":false},"author":2,"featured_media":0,"parent":0,"menu_order":0,"comment_status":"closed","ping_status":"closed","template":"","meta":{"site-sidebar-layout":"no-sidebar","site-content-layout":"","ast-site-content-layout":"full-width-container","site-content-style":"default","site-sidebar-style":"default","ast-global-header-display":"","ast-banner-title-visibility":"","ast-main-header-display":"","ast-hfb-above-header-display":"","ast-hfb-below-header-display":"","ast-hfb-mobile-header-display":"","site-post-title":"","ast-breadcrumbs-content":"","ast-featured-img":"disabled","footer-sml-layout":"","theme-transparent-header-meta":"","adv-header-id-meta":"","stick-header-meta":"","header-above-stick-meta":"","header-main-stick-meta":"","header-below-stick-meta":"","astra-migrate-meta-layouts":"default","ast-page-background-enabled":"default","ast-page-background-meta":{"desktop":{"background-color":"var(--ast-global-color-5)","background-image":"","background-repeat":"repeat","background-position":"center center","background-size":"auto","background-attachment":"scroll","background-type":"","background-media":"","overlay-type":"","overlay-color":"","overlay-opacity":"","overlay-gradient":""},"tablet":{"background-color":"","background-image":"","background-repeat":"repeat","background-position":"center center","background-size":"auto","background-attachment":"scroll","background-type":"","background-media":"","overlay-type":"","overlay-color":"","overlay-opacity":"","overlay-gradient":""},"mobile":{"background-color":"","background-image":"","background-repeat":"repeat","background-position":"center center","background-size":"auto","background-attachment":"scroll","background-type":"","background-media":"","overlay-type":"","overlay-color":"","overlay-opacity":"","overlay-gradient":""}},"ast-content-background-meta":{"desktop":{"background-color":"var(--ast-global-color-4)","background-image":"","background-repeat":"repeat","background-position":"center center","background-size":"auto","background-attachment":"scroll","background-type":"","background-media":"","overlay-type":"","overlay-color":"","overlay-opacity":"","overlay-gradient":""},"tablet":{"background-color":"var(--ast-global-color-4)","background-image":"","background-repeat":"repeat","background-position":"center center","background-size":"auto","background-attachment":"scroll","background-type":"","background-media":"","overlay-type":"","overlay-color":"","overlay-opacity":"","overlay-gradient":""},"mobile":{"background-color":"var(--ast-global-color-4)","background-image":"","background-repeat":"repeat","background-position":"center center","background-size":"auto","background-attachment":"scroll","background-type":"","background-media":"","overlay-type":"","overlay-color":"","overlay-opacity":"","overlay-gradient":""}},"footnotes":""},"class_list":["post-2433","page","type-page","status-publish","hentry"],"_links":{"self":[{"href":"https:\/\/snyrtistofanrunir.is\/index.php?rest_route=\/wp\/v2\/pages\/2433","targetHints":{"allow":["GET"]}}],"collection":[{"href":"https:\/\/snyrtistofanrunir.is\/index.php?rest_route=\/wp\/v2\/pages"}],"about":[{"href":"https:\/\/snyrtistofanrunir.is\/index.php?rest_route=\/wp\/v2\/types\/page"}],"author":[{"embeddable":true,"href":"https:\/\/snyrtistofanrunir.is\/index.php?rest_route=\/wp\/v2\/users\/2"}],"replies":[{"embeddable":true,"href":"https:\/\/snyrtistofanrunir.is\/index.php?rest_route=%2Fwp%2Fv2%2Fcomments&post=2433"}],"version-history":[{"count":143,"href":"https:\/\/snyrtistofanrunir.is\/index.php?rest_route=\/wp\/v2\/pages\/2433\/revisions"}],"predecessor-version":[{"id":3568,"href":"https:\/\/snyrtistofanrunir.is\/index.php?rest_route=\/wp\/v2\/pages\/2433\/revisions\/3568"}],"wp:attachment":[{"href":"https:\/\/snyrtistofanrunir.is\/index.php?rest_route=%2Fwp%2Fv2%2Fmedia&parent=2433"}],"curies":[{"name":"wp","href":"https:\/\/api.w.org\/{rel}","templated":true}]}}