{"id":1240,"date":"2025-08-19T22:27:07","date_gmt":"2025-08-19T22:27:07","guid":{"rendered":"https:\/\/snyrtistofanrunir.is\/?page_id=1240"},"modified":"2025-09-12T09:13:12","modified_gmt":"2025-09-12T09:13:12","slug":"page","status":"publish","type":"page","link":"https:\/\/snyrtistofanrunir.is\/?page_id=1240","title":{"rendered":"Um okkur"},"content":{"rendered":"<style>.elementor-1240 .elementor-element.elementor-element-064bf38{--display:flex;--flex-direction:column;--container-widget-width:100%;--container-widget-height:initial;--container-widget-flex-grow:0;--container-widget-align-self:initial;--flex-wrap-mobile:wrap;--justify-content:space-between;--overflow:hidden;--padding-top:60px;--padding-bottom:60px;--padding-left:10px;--padding-right:10px;overflow:visible;}.elementor-1240 .elementor-element.elementor-element-064bf38:not(.elementor-motion-effects-element-type-background), .elementor-1240 .elementor-element.elementor-element-064bf38 > .elementor-motion-effects-container > .elementor-motion-effects-layer{background-color:#FFEEE2;}.elementor-1240 .elementor-element.elementor-element-3e07048{width:var( --container-widget-width, 25% );max-width:25%;--container-widget-width:25%;--container-widget-flex-grow:0;}.elementor-1240 .elementor-element.elementor-element-3e07048.elementor-element{--align-self:center;}.elementor-1240 .elementor-element.elementor-element-ee1555e{--display:flex;--flex-direction:row;--container-widget-width:initial;--container-widget-height:100%;--container-widget-flex-grow:1;--container-widget-align-self:stretch;--flex-wrap-mobile:wrap;--justify-content:flex-start;overflow:visible;}.elementor-1240 .elementor-element.elementor-element-8ddb58c{--display:flex;--align-items:flex-start;--container-widget-width:calc( ( 1 - var( --container-widget-flex-grow ) ) * 100% );overflow:visible;}.elementor-1240 .elementor-element.elementor-element-8ddb58c.e-con{--align-self:center;}.elementor-1240 .elementor-element.elementor-element-67a7b8b .elementor-heading-title{font-family:\"Lato\", Sans-serif;font-size:32px;font-weight:600;line-height:40px;}.elementor-1240 .elementor-element.elementor-element-cbcc60f{width:var( --container-widget-width, 92% );max-width:92%;--container-widget-width:92%;--container-widget-flex-grow:0;font-family:\"Lato\", Sans-serif;font-size:20px;font-weight:400;line-height:27px;color:#2C2C2C;}.elementor-1240 .elementor-element.elementor-element-d216771.elementor-element{--align-self:center;}.elementor-1240 .elementor-element.elementor-element-d216771{text-align:end;}.elementor-1240 .elementor-element.elementor-element-d216771 img{width:498px;max-width:565px;height:620px;object-fit:cover;object-position:center center;border-radius:20px 20px 20px 20px;}.elementor-1240 .elementor-element.elementor-element-46c3536 .elementor-button{background-color:var( --e-global-color-secondary );fill:var( --e-global-color-primary );color:var( --e-global-color-primary );border-style:solid;border-width:1px 1px 1px 1px;border-color:var( --e-global-color-secondary );padding:15px 40px 15px 40px;}.elementor-1240 .elementor-element.elementor-element-46c3536 .elementor-button:hover, .elementor-1240 .elementor-element.elementor-element-46c3536 .elementor-button:focus{background-color:#FFFFFF;color:#000000;border-color:var( --e-global-color-secondary );}.elementor-1240 .elementor-element.elementor-element-46c3536 .elementor-button:hover svg, .elementor-1240 .elementor-element.elementor-element-46c3536 .elementor-button:focus svg{fill:#000000;}.elementor-1240 .elementor-element.elementor-element-0b963e8{--display:flex;--justify-content:center;--align-items:flex-start;--container-widget-width:calc( ( 1 - var( --container-widget-flex-grow ) ) * 100% );overflow:visible;}.elementor-1240 .elementor-element.elementor-element-96d6aac{--display:flex;--flex-direction:row;--container-widget-width:initial;--container-widget-height:100%;--container-widget-flex-grow:1;--container-widget-align-self:stretch;--flex-wrap-mobile:wrap;--justify-content:space-between;--overflow:hidden;--margin-top:0px;--margin-bottom:0px;--margin-left:0px;--margin-right:0px;--padding-top:60px;--padding-bottom:60px;--padding-left:10px;--padding-right:10px;overflow:visible;}.elementor-1240 .elementor-element.elementor-element-afb2f30{--display:flex;--flex-direction:row;--container-widget-width:initial;--container-widget-height:100%;--container-widget-flex-grow:1;--container-widget-align-self:stretch;--flex-wrap-mobile:wrap;overflow:visible;}.elementor-1240 .elementor-element.elementor-element-3d0d740{--display:flex;--justify-content:flex-end;--align-items:flex-start;--container-widget-width:calc( ( 1 - var( --container-widget-flex-grow ) ) * 100% );overflow:visible;}.elementor-1240 .elementor-element.elementor-element-1435301{--display:flex;--justify-content:center;--align-items:flex-start;--container-widget-width:calc( ( 1 - var( --container-widget-flex-grow ) ) * 100% );--padding-top:0px;--padding-bottom:0px;--padding-left:0px;--padding-right:0px;overflow:visible;}.elementor-1240 .elementor-element.elementor-element-1435301.e-con{--align-self:center;}.elementor-1240 .elementor-element.elementor-element-dbe6a77 .elementor-heading-title{font-family:\"Lato\", Sans-serif;font-size:32px;font-weight:600;line-height:40px;}.elementor-1240 .elementor-element.elementor-element-699a1d5{width:var( --container-widget-width, 92% );max-width:92%;--container-widget-width:92%;--container-widget-flex-grow:0;font-family:\"Lato\", Sans-serif;font-size:20px;font-weight:400;line-height:27px;color:#2C2C2C;}.elementor-1240 .elementor-element.elementor-element-24843de.elementor-element{--align-self:center;}.elementor-1240 .elementor-element.elementor-element-24843de{text-align:end;}.elementor-1240 .elementor-element.elementor-element-24843de img{width:498px;max-width:565px;height:620px;object-fit:cover;object-position:center center;border-radius:20px 20px 20px 20px;}.elementor-1240 .elementor-element.elementor-element-1e5cdc5 .elementor-button{background-color:var( --e-global-color-secondary );fill:var( --e-global-color-primary );color:var( --e-global-color-primary );border-style:solid;border-width:1px 1px 1px 1px;border-color:var( --e-global-color-secondary );padding:15px 40px 15px 40px;}.elementor-1240 .elementor-element.elementor-element-1e5cdc5 .elementor-button:hover, .elementor-1240 .elementor-element.elementor-element-1e5cdc5 .elementor-button:focus{background-color:#FFFFFF;color:#000000;border-color:var( --e-global-color-secondary );}.elementor-1240 .elementor-element.elementor-element-1e5cdc5 .elementor-button:hover svg, .elementor-1240 .elementor-element.elementor-element-1e5cdc5 .elementor-button:focus svg{fill:#000000;}@media(max-width:1024px){.elementor-1240 .elementor-element.elementor-element-064bf38{--flex-wrap:wrap;--margin-top:0px;--margin-bottom:0px;--margin-left:0px;--margin-right:0px;--padding-top:40px;--padding-bottom:40px;--padding-left:20px;--padding-right:20px;}.elementor-1240 .elementor-element.elementor-element-3e07048{--container-widget-width:36%;--container-widget-flex-grow:0;width:var( --container-widget-width, 36% );max-width:36%;}.elementor-1240 .elementor-element.elementor-element-ee1555e{--flex-wrap:wrap;}.elementor-1240 .elementor-element.elementor-element-8ddb58c{--margin-top:0px;--margin-bottom:0px;--margin-left:0px;--margin-right:0px;--padding-top:0em;--padding-bottom:2em;--padding-left:0em;--padding-right:0em;}.elementor-1240 .elementor-element.elementor-element-cbcc60f{--container-widget-width:100%;--container-widget-flex-grow:0;width:var( --container-widget-width, 100% );max-width:100%;}.elementor-1240 .elementor-element.elementor-element-d216771 img{width:550px;max-width:550px;height:550px;object-fit:cover;object-position:top center;}.elementor-1240 .elementor-element.elementor-element-0b963e8{--padding-top:0em;--padding-bottom:0em;--padding-left:0em;--padding-right:0em;}.elementor-1240 .elementor-element.elementor-element-96d6aac{--flex-wrap:wrap;--padding-top:0px;--padding-bottom:40px;--padding-left:20px;--padding-right:20px;}.elementor-1240 .elementor-element.elementor-element-afb2f30{--flex-wrap:wrap;}.elementor-1240 .elementor-element.elementor-element-3d0d740{--margin-top:0px;--margin-bottom:0px;--margin-left:0px;--margin-right:0px;--padding-top:0em;--padding-bottom:0em;--padding-left:0em;--padding-right:0em;}.elementor-1240 .elementor-element.elementor-element-1435301{--padding-top:0em;--padding-bottom:0em;--padding-left:0em;--padding-right:0em;}.elementor-1240 .elementor-element.elementor-element-699a1d5{--container-widget-width:100%;--container-widget-flex-grow:0;width:var( --container-widget-width, 100% );max-width:100%;}.elementor-1240 .elementor-element.elementor-element-24843de img{width:550px;max-width:550px;height:550px;object-fit:cover;object-position:top center;}}@media(max-width:767px){.elementor-1240 .elementor-element.elementor-element-064bf38{--padding-top:40px;--padding-bottom:0px;--padding-left:10px;--padding-right:10px;}.elementor-1240 .elementor-element.elementor-element-8ddb58c{--padding-top:0em;--padding-bottom:0em;--padding-left:0em;--padding-right:0em;}.elementor-1240 .elementor-element.elementor-element-67a7b8b{text-align:center;}.elementor-1240 .elementor-element.elementor-element-67a7b8b .elementor-heading-title{font-size:30px;}.elementor-1240 .elementor-element.elementor-element-cbcc60f{text-align:center;font-size:18px;}.elementor-1240 .elementor-element.elementor-element-d216771 img{width:313px;height:421px;}.elementor-1240 .elementor-element.elementor-element-46c3536.elementor-element{--align-self:center;}.elementor-1240 .elementor-element.elementor-element-96d6aac{--padding-top:20px;--padding-bottom:40px;--padding-left:0px;--padding-right:0px;}.elementor-1240 .elementor-element.elementor-element-1435301{--padding-top:0em;--padding-bottom:0em;--padding-left:0em;--padding-right:0em;}.elementor-1240 .elementor-element.elementor-element-dbe6a77{text-align:center;}.elementor-1240 .elementor-element.elementor-element-dbe6a77 .elementor-heading-title{font-size:30px;}.elementor-1240 .elementor-element.elementor-element-699a1d5{text-align:center;font-size:18px;}.elementor-1240 .elementor-element.elementor-element-24843de img{width:313px;height:421px;}.elementor-1240 .elementor-element.elementor-element-1e5cdc5.elementor-element{--align-self:center;}}@media(min-width:768px){.elementor-1240 .elementor-element.elementor-element-8ddb58c{--width:60%;}.elementor-1240 .elementor-element.elementor-element-0b963e8{--width:40%;}.elementor-1240 .elementor-element.elementor-element-3d0d740{--width:40%;}.elementor-1240 .elementor-element.elementor-element-1435301{--width:60%;}}@media(max-width:1024px) and (min-width:768px){.elementor-1240 .elementor-element.elementor-element-8ddb58c{--width:100%;}.elementor-1240 .elementor-element.elementor-element-0b963e8{--width:100%;}.elementor-1240 .elementor-element.elementor-element-3d0d740{--width:100%;}.elementor-1240 .elementor-element.elementor-element-1435301{--width:100%;}}<\/style>\t\t<div data-elementor-type=\"wp-page\" data-elementor-id=\"1240\" class=\"elementor elementor-1240\" data-elementor-post-type=\"page\">\n\t\t\t\t<div class=\"elementor-element elementor-element-064bf38 e-flex e-con-boxed e-con e-parent\" data-id=\"064bf38\" data-element_type=\"container\" data-settings=\"{&quot;background_background&quot;:&quot;classic&quot;}\">\n\t\t\t\t\t<div class=\"e-con-inner\">\n\t\t\t\t<div class=\"elementor-element elementor-element-3e07048 elementor-widget__width-initial elementor-widget elementor-widget-image\" data-id=\"3e07048\" data-element_type=\"widget\" data-settings=\"{&quot;ekit_we_effect_on&quot;:&quot;none&quot;}\" data-widget_type=\"image.default\">\n\t\t\t\t\t\t\t\t\t\t\t\t\t\t\t<img fetchpriority=\"high\" decoding=\"async\" width=\"512\" height=\"184\" src=\"https:\/\/snyrtistofanrunir.is\/wp-content\/uploads\/2025\/08\/unnamed3.png\" class=\"attachment-large size-large wp-image-2498\" alt=\"\" srcset=\"https:\/\/snyrtistofanrunir.is\/wp-content\/uploads\/2025\/08\/unnamed3.png 512w, https:\/\/snyrtistofanrunir.is\/wp-content\/uploads\/2025\/08\/unnamed3-300x108.png 300w\" sizes=\"(max-width: 512px) 100vw, 512px\" \/>\t\t\t\t\t\t\t\t\t\t\t\t\t\t\t<\/div>\n\t\t<div class=\"elementor-element elementor-element-ee1555e e-con-full e-flex e-con e-child\" data-id=\"ee1555e\" data-element_type=\"container\">\n\t\t<div class=\"elementor-element elementor-element-8ddb58c e-con-full e-flex e-con e-child\" data-id=\"8ddb58c\" data-element_type=\"container\">\n\t\t\t\t<div class=\"elementor-element elementor-element-67a7b8b elementor-widget elementor-widget-heading\" data-id=\"67a7b8b\" data-element_type=\"widget\" data-settings=\"{&quot;ekit_we_effect_on&quot;:&quot;none&quot;}\" data-widget_type=\"heading.default\">\n\t\t\t\t\t<h2 class=\"elementor-heading-title elementor-size-default\">Eyr\u00fan \u00deorleifsd\u00f3ttir  Snyrtifr\u00e6\u00f0imeistari og eigandi stofunnar<\/h2>\t\t\t\t<\/div>\n\t\t\t\t<div class=\"elementor-element elementor-element-cbcc60f elementor-widget__width-initial animated-slow elementor-invisible elementor-widget elementor-widget-text-editor\" data-id=\"cbcc60f\" data-element_type=\"widget\" data-settings=\"{&quot;_animation&quot;:&quot;fadeInUp&quot;,&quot;ekit_we_effect_on&quot;:&quot;none&quot;}\" data-widget_type=\"text-editor.default\">\n\t\t\t\t\t\t\t\t\t<p><span style=\"font-weight: 400;\">Eyr\u00fan \u00deorleifsd\u00f3ttir, \u00fatskrifa\u00f0ist af snyrtibraut \u00ed Fj\u00f6lbraut \u00ed Brei\u00f0holti \u00e1ri\u00f0 2008 og hefur starfa\u00f0 vi\u00f0 fagi\u00f0 s\u00ed\u00f0an \u00fe\u00e1. H\u00fan lauk sveinspr\u00f3fi \u00e1ri\u00f0 2009 og b\u00e6tti svo vi\u00f0 sig meistarar\u00e9ttindum vori\u00f0 2016. Eyr\u00fan hefur unni\u00f0 \u00e1 hinum \u00fdmsu stofum \u00ed gegnum \u00e1rin \u00e1samt \u00fev\u00ed a\u00f0 reka sj\u00e1lf stofu.<\/span><\/p>\t\t\t\t\t\t\t\t<\/div>\n\t\t\t\t<div class=\"elementor-element elementor-element-d216771 elementor-widget elementor-widget-image\" data-id=\"d216771\" data-element_type=\"widget\" data-settings=\"{&quot;ekit_we_effect_on&quot;:&quot;none&quot;}\" data-widget_type=\"image.default\">\n\t\t\t\t\t\t\t\t\t\t\t\t\t\t\t<img decoding=\"async\" width=\"1993\" height=\"2560\" src=\"https:\/\/snyrtistofanrunir.is\/wp-content\/uploads\/2025\/09\/20250912_083747-scaled.jpg\" class=\"attachment-full size-full wp-image-3529\" alt=\"\" srcset=\"https:\/\/snyrtistofanrunir.is\/wp-content\/uploads\/2025\/09\/20250912_083747-scaled.jpg 1993w, https:\/\/snyrtistofanrunir.is\/wp-content\/uploads\/2025\/09\/20250912_083747-234x300.jpg 234w, https:\/\/snyrtistofanrunir.is\/wp-content\/uploads\/2025\/09\/20250912_083747-797x1024.jpg 797w, https:\/\/snyrtistofanrunir.is\/wp-content\/uploads\/2025\/09\/20250912_083747-768x987.jpg 768w, https:\/\/snyrtistofanrunir.is\/wp-content\/uploads\/2025\/09\/20250912_083747-1196x1536.jpg 1196w, https:\/\/snyrtistofanrunir.is\/wp-content\/uploads\/2025\/09\/20250912_083747-1594x2048.jpg 1594w, https:\/\/snyrtistofanrunir.is\/wp-content\/uploads\/2025\/09\/20250912_083747-600x771.jpg 600w\" sizes=\"(max-width: 1993px) 100vw, 1993px\" \/>\t\t\t\t\t\t\t\t\t\t\t\t\t\t\t<\/div>\n\t\t\t\t<div class=\"elementor-element elementor-element-46c3536 elementor-widget elementor-widget-button\" data-id=\"46c3536\" data-element_type=\"widget\" data-settings=\"{&quot;ekit_we_effect_on&quot;:&quot;none&quot;}\" data-widget_type=\"button.default\">\n\t\t\t\t\t\t\t\t\t\t<a class=\"elementor-button elementor-button-link elementor-size-sm\" href=\"https:\/\/snyrtistofanrunir.is\/andlitsmedferdir-2\/\">\n\t\t\t\t\t\t<span class=\"elementor-button-content-wrapper\">\n\t\t\t\t\t\t\t\t\t<span class=\"elementor-button-text\">Me\u00f0fer\u00f0ir<\/span>\n\t\t\t\t\t<\/span>\n\t\t\t\t\t<\/a>\n\t\t\t\t\t\t\t\t<\/div>\n\t\t\t\t<\/div>\n\t\t<div class=\"elementor-element elementor-element-0b963e8 e-con-full e-flex e-con e-child\" data-id=\"0b963e8\" data-element_type=\"container\" data-settings=\"{&quot;background_background&quot;:&quot;classic&quot;}\">\n\t\t\t\t<\/div>\n\t\t\t\t<\/div>\n\t\t\t\t\t<\/div>\n\t\t\t\t<\/div>\n\t\t<div class=\"elementor-element elementor-element-96d6aac e-flex e-con-boxed e-con e-parent\" data-id=\"96d6aac\" data-element_type=\"container\" data-settings=\"{&quot;background_background&quot;:&quot;classic&quot;}\">\n\t\t\t\t\t<div class=\"e-con-inner\">\n\t\t<div class=\"elementor-element elementor-element-afb2f30 e-con-full e-flex e-con e-child\" data-id=\"afb2f30\" data-element_type=\"container\">\n\t\t<div class=\"elementor-element elementor-element-3d0d740 e-con-full e-flex e-con e-child\" data-id=\"3d0d740\" data-element_type=\"container\">\n\t\t\t\t<\/div>\n\t\t<div class=\"elementor-element elementor-element-1435301 e-con-full e-flex e-con e-child\" data-id=\"1435301\" data-element_type=\"container\" data-settings=\"{&quot;background_background&quot;:&quot;classic&quot;}\">\n\t\t\t\t<div class=\"elementor-element elementor-element-dbe6a77 elementor-widget elementor-widget-heading\" data-id=\"dbe6a77\" data-element_type=\"widget\" data-settings=\"{&quot;ekit_we_effect_on&quot;:&quot;none&quot;}\" data-widget_type=\"heading.default\">\n\t\t\t\t\t<h2 class=\"elementor-heading-title elementor-size-default\">Mar\u00eda R\u00fan  Snyrtifr\u00e6\u00f0imeistari og eigandi stofunnar<\/h2>\t\t\t\t<\/div>\n\t\t\t\t<div class=\"elementor-element elementor-element-699a1d5 elementor-widget__width-initial animated-slow elementor-invisible elementor-widget elementor-widget-text-editor\" data-id=\"699a1d5\" data-element_type=\"widget\" data-settings=\"{&quot;_animation&quot;:&quot;fadeInUp&quot;,&quot;ekit_we_effect_on&quot;:&quot;none&quot;}\" data-widget_type=\"text-editor.default\">\n\t\t\t\t\t\t\t\t\t<p><span style=\"font-weight: 400;\">Mar\u00eda R\u00fan \u00fatskrifa\u00f0ist af Snyrtifr\u00e6\u00f0ibraut \u00ed Fj\u00f6lbraut Brei\u00f0holti 2020 og hlaut \u00fear ver\u00f0laun fyrir g\u00f3\u00f0an n\u00e1ms\u00e1rangur. \u00c1\u00f0ur haf\u00f0i Mar\u00eda R\u00fan unni\u00f0 vi\u00f0 \u00fej\u00f3nastarf og hlaut \u00fe\u00e1 einnig ver\u00f0laun fyrir g\u00f3\u00f0an n\u00e1ms\u00e1rangur \u00e1ri\u00f0 2013 \u00feegar h\u00fan lauk n\u00e1mi s\u00ednu fr\u00e1 H\u00f3tel og Veitingask\u00f3lanum. H\u00fan b\u00e6tti vi\u00f0 sig meistarar\u00e9ttindum vori\u00f0 2024.<\/span><\/p>\t\t\t\t\t\t\t\t<\/div>\n\t\t\t\t<div class=\"elementor-element elementor-element-24843de elementor-widget elementor-widget-image\" data-id=\"24843de\" data-element_type=\"widget\" data-settings=\"{&quot;ekit_we_effect_on&quot;:&quot;none&quot;}\" data-widget_type=\"image.default\">\n\t\t\t\t\t\t\t\t\t\t\t\t\t\t\t<img decoding=\"async\" width=\"2560\" height=\"2373\" src=\"https:\/\/snyrtistofanrunir.is\/wp-content\/uploads\/2025\/09\/20250912_083523-scaled.jpg\" class=\"attachment-full size-full wp-image-3530\" alt=\"\" srcset=\"https:\/\/snyrtistofanrunir.is\/wp-content\/uploads\/2025\/09\/20250912_083523-scaled.jpg 2560w, https:\/\/snyrtistofanrunir.is\/wp-content\/uploads\/2025\/09\/20250912_083523-300x278.jpg 300w, https:\/\/snyrtistofanrunir.is\/wp-content\/uploads\/2025\/09\/20250912_083523-1024x949.jpg 1024w, https:\/\/snyrtistofanrunir.is\/wp-content\/uploads\/2025\/09\/20250912_083523-768x712.jpg 768w, https:\/\/snyrtistofanrunir.is\/wp-content\/uploads\/2025\/09\/20250912_083523-1536x1424.jpg 1536w, https:\/\/snyrtistofanrunir.is\/wp-content\/uploads\/2025\/09\/20250912_083523-2048x1898.jpg 2048w, https:\/\/snyrtistofanrunir.is\/wp-content\/uploads\/2025\/09\/20250912_083523-600x556.jpg 600w\" sizes=\"(max-width: 2560px) 100vw, 2560px\" \/>\t\t\t\t\t\t\t\t\t\t\t\t\t\t\t<\/div>\n\t\t\t\t<div class=\"elementor-element elementor-element-1e5cdc5 elementor-widget elementor-widget-button\" data-id=\"1e5cdc5\" data-element_type=\"widget\" data-settings=\"{&quot;ekit_we_effect_on&quot;:&quot;none&quot;}\" data-widget_type=\"button.default\">\n\t\t\t\t\t\t\t\t\t\t<a class=\"elementor-button elementor-button-link elementor-size-sm\" href=\"https:\/\/snyrtistofanrunir.is\/andlitsmedferdir-2\/\">\n\t\t\t\t\t\t<span class=\"elementor-button-content-wrapper\">\n\t\t\t\t\t\t\t\t\t<span class=\"elementor-button-text\">Me\u00f0fer\u00f0ir<\/span>\n\t\t\t\t\t<\/span>\n\t\t\t\t\t<\/a>\n\t\t\t\t\t\t\t\t<\/div>\n\t\t\t\t<\/div>\n\t\t\t\t<\/div>\n\t\t\t\t\t<\/div>\n\t\t\t\t<\/div>\n\t\t\t\t<\/div>\n\t\t","protected":false},"excerpt":{"rendered":"<p>Eyr\u00fan \u00deorleifsd\u00f3ttir Snyrtifr\u00e6\u00f0imeistari og eigandi stofunnar Eyr\u00fan \u00deorleifsd\u00f3ttir, \u00fatskrifa\u00f0ist af snyrtibraut \u00ed Fj\u00f6lbraut \u00ed Brei\u00f0holti \u00e1ri\u00f0 2008 og hefur starfa\u00f0 [&hellip;]<\/p>\n","protected":false},"author":2,"featured_media":0,"parent":0,"menu_order":0,"comment_status":"closed","ping_status":"closed","template":"elementor_header_footer","meta":{"site-sidebar-layout":"no-sidebar","site-content-layout":"","ast-site-content-layout":"full-width-container","site-content-style":"default","site-sidebar-style":"default","ast-global-header-display":"","ast-banner-title-visibility":"","ast-main-header-display":"","ast-hfb-above-header-display":"","ast-hfb-below-header-display":"","ast-hfb-mobile-header-display":"","site-post-title":"","ast-breadcrumbs-content":"","ast-featured-img":"disabled","footer-sml-layout":"","theme-transparent-header-meta":"","adv-header-id-meta":"","stick-header-meta":"","header-above-stick-meta":"","header-main-stick-meta":"","header-below-stick-meta":"","astra-migrate-meta-layouts":"default","ast-page-background-enabled":"default","ast-page-background-meta":{"desktop":{"background-color":"var(--ast-global-color-5)","background-image":"","background-repeat":"repeat","background-position":"center center","background-size":"auto","background-attachment":"scroll","background-type":"","background-media":"","overlay-type":"","overlay-color":"","overlay-opacity":"","overlay-gradient":""},"tablet":{"background-color":"","background-image":"","background-repeat":"repeat","background-position":"center center","background-size":"auto","background-attachment":"scroll","background-type":"","background-media":"","overlay-type":"","overlay-color":"","overlay-opacity":"","overlay-gradient":""},"mobile":{"background-color":"","background-image":"","background-repeat":"repeat","background-position":"center center","background-size":"auto","background-attachment":"scroll","background-type":"","background-media":"","overlay-type":"","overlay-color":"","overlay-opacity":"","overlay-gradient":""}},"ast-content-background-meta":{"desktop":{"background-color":"var(--ast-global-color-4)","background-image":"","background-repeat":"repeat","background-position":"center center","background-size":"auto","background-attachment":"scroll","background-type":"","background-media":"","overlay-type":"","overlay-color":"","overlay-opacity":"","overlay-gradient":""},"tablet":{"background-color":"var(--ast-global-color-4)","background-image":"","background-repeat":"repeat","background-position":"center center","background-size":"auto","background-attachment":"scroll","background-type":"","background-media":"","overlay-type":"","overlay-color":"","overlay-opacity":"","overlay-gradient":""},"mobile":{"background-color":"var(--ast-global-color-4)","background-image":"","background-repeat":"repeat","background-position":"center center","background-size":"auto","background-attachment":"scroll","background-type":"","background-media":"","overlay-type":"","overlay-color":"","overlay-opacity":"","overlay-gradient":""}},"footnotes":""},"class_list":["post-1240","page","type-page","status-publish","hentry"],"_links":{"self":[{"href":"https:\/\/snyrtistofanrunir.is\/index.php?rest_route=\/wp\/v2\/pages\/1240","targetHints":{"allow":["GET"]}}],"collection":[{"href":"https:\/\/snyrtistofanrunir.is\/index.php?rest_route=\/wp\/v2\/pages"}],"about":[{"href":"https:\/\/snyrtistofanrunir.is\/index.php?rest_route=\/wp\/v2\/types\/page"}],"author":[{"embeddable":true,"href":"https:\/\/snyrtistofanrunir.is\/index.php?rest_route=\/wp\/v2\/users\/2"}],"replies":[{"embeddable":true,"href":"https:\/\/snyrtistofanrunir.is\/index.php?rest_route=%2Fwp%2Fv2%2Fcomments&post=1240"}],"version-history":[{"count":132,"href":"https:\/\/snyrtistofanrunir.is\/index.php?rest_route=\/wp\/v2\/pages\/1240\/revisions"}],"predecessor-version":[{"id":3533,"href":"https:\/\/snyrtistofanrunir.is\/index.php?rest_route=\/wp\/v2\/pages\/1240\/revisions\/3533"}],"wp:attachment":[{"href":"https:\/\/snyrtistofanrunir.is\/index.php?rest_route=%2Fwp%2Fv2%2Fmedia&parent=1240"}],"curies":[{"name":"wp","href":"https:\/\/api.w.org\/{rel}","templated":true}]}}